{"id":8984,"date":"2025-02-06T08:49:03","date_gmt":"2025-02-06T08:49:03","guid":{"rendered":"https:\/\/thinkin3d.cat\/serveis-tecnologics\/"},"modified":"2026-02-16T09:47:57","modified_gmt":"2026-02-16T09:47:57","slug":"servicios-tecnologicos-subvencionados","status":"publish","type":"page","link":"https:\/\/thinkin3d.cat\/es\/servicios-tecnologicos-subvencionados\/","title":{"rendered":"Servicios"},"content":{"rendered":"<div class=\"wp-bootstrap-blocks-container container-fluid mb-0 bg-gray-light\">\n\t\n<div class=\"wp-bootstrap-blocks-container container mb-2 has-padding-169\">\n\t\n\n<h1 class=\"wp-block-heading has-text-align-center h3\"><strong>LOS PROGRAMAS DE ACEELERACI\u00d3N INCLUYEN ESTOS SERVICIOS<\/strong><\/h1>\n\n\n\n<p class=\"has-text-align-center\">Descubre los servicios de asesoramiento experto, prototipado, consultor\u00eda e internacionalizaci\u00f3n que te ofrece ThinkIn 3D. Ayudamos a las empresas de la provincia de Barcelona a innovar con impresi\u00f3n 3D, partiendo de un diagn\u00f3stico inicial y estableciendo una hoja de ruta para hacer crecer su negocio.<\/p>\n\n\n\n<div style=\"height:75px\" aria-hidden=\"true\" class=\"wp-block-spacer\"><\/div>\n\n<\/div>\n\n\n<div class=\"wp-bootstrap-blocks-container container mb-0 block-programs-home\">\n\t\n<div class=\"wp-bootstrap-blocks-row row\">\n\t\n\n<div class=\"col-12 col-md-12 col-lg-12\">\n\t\t\t\n\n<div class=\"wp-block-columns is-layout-flex wp-container-core-columns-is-layout-9d6595d7 wp-block-columns-is-layout-flex\">\n<div class=\"wp-block-column is-layout-flow wp-block-column-is-layout-flow\">\n<figure class=\"wp-block-image size-full\"><img decoding=\"async\" src=\"https:\/\/thinkin3d.cat\/wp-content\/uploads\/2025\/02\/transferencia_tecnologica-1.jpeg\" alt=\"\" class=\"wp-image-8765\" style=\"aspect-ratio:4\/3;object-fit:cover\"\/><\/figure>\n\n\n\n<h3 class=\"wp-block-heading has-text-align-left\">Transferencia tecnol\u00f3gica<\/h3>\n\n\n\n<p class=\"has-text-align-left\">Ofrecemos una transferencia tecnol\u00f3gica a medida que incluye diagnosis completa de las necesidades de la empresa, creaci\u00f3n de una hoja de ruta tecnol\u00f3gica y soporte en la implementaci\u00f3n, ya sea de la tecnolog\u00eda de fabricaci\u00f3n aditiva como de cualquier otra vinculada a la industria 4.0. Este servicio est\u00e1 pensado para adaptarse al nivel de madurez tecnol\u00f3gica de cada negocio, asegurando una eficaz transici\u00f3n hacia la impresi\u00f3n 3D.<\/p>\n<\/div>\n\n\n\n<div class=\"wp-block-column is-layout-flow wp-block-column-is-layout-flow\">\n<figure class=\"wp-block-image size-full\"><img loading=\"lazy\" decoding=\"async\" width=\"684\" height=\"500\" src=\"https:\/\/thinkin3d.cat\/wp-content\/uploads\/2024\/12\/imatge-3-1.jpeg\" alt=\"servicios tecnol\u00f3gicos subvencionados - prototipado\" class=\"wp-image-7724\" style=\"aspect-ratio:4\/3;object-fit:cover\" srcset=\"https:\/\/thinkin3d.cat\/wp-content\/uploads\/2024\/12\/imatge-3-1.jpeg 684w, https:\/\/thinkin3d.cat\/wp-content\/uploads\/2024\/12\/imatge-3-1-300x219.jpeg 300w\" sizes=\"auto, (max-width: 684px) 100vw, 684px\" \/><\/figure>\n\n\n\n<h3 class=\"wp-block-heading has-text-align-left\">Servicio de prototipado y peque\u00f1as producciones<\/h3>\n\n\n\n<p class=\"has-text-align-left\">Con nuestro servicio de prototipado y producci\u00f3n en peque\u00f1as tiradas, puedes validar dise\u00f1os y realizar pruebas reales antes de iniciar la producci\u00f3n en masa. Ideal para empresas que necesitan experimentar y validar nuevas prendas o productos.<\/p>\n<\/div>\n\n\n\n<div class=\"wp-block-column is-layout-flow wp-block-column-is-layout-flow\">\n<figure class=\"wp-block-image size-full\"><img loading=\"lazy\" decoding=\"async\" width=\"684\" height=\"500\" src=\"https:\/\/thinkin3d.cat\/wp-content\/uploads\/2024\/07\/prototipatge.jpeg\" alt=\"\" class=\"wp-image-6491\" style=\"aspect-ratio:4\/3;object-fit:cover\" srcset=\"https:\/\/thinkin3d.cat\/wp-content\/uploads\/2024\/07\/prototipatge.jpeg 684w, https:\/\/thinkin3d.cat\/wp-content\/uploads\/2024\/07\/prototipatge-300x219.jpeg 300w\" sizes=\"auto, (max-width: 684px) 100vw, 684px\" \/><\/figure>\n\n\n\n<h3 class=\"wp-block-heading has-text-align-left\">Oficina t\u00e9cnica: dise\u00f1o y escaneado 3D<\/h3>\n\n\n\n<p class=\"has-text-align-left\">Desde la oficina t\u00e9cnica te ofrecemos servicios de dise\u00f1o y escaneado 3D, con asesoramiento sobre las tecnolog\u00edas y materiales m\u00e1s adecuados para cada aplicaci\u00f3n. Nuestros expertos te asesorar\u00e1n sobre prestaciones mec\u00e1nicas y materiales para maximizar el rendimiento y prestaciones de las piezas finales.<\/p>\n<\/div>\n<\/div>\n\n\t<\/div>\n\n<\/div>\n\n<\/div>\n\n<\/div>\n\n\n<div class=\"wp-bootstrap-blocks-container container-fluid mb-0 bg-gray-light\">\n\t\n<div class=\"wp-bootstrap-blocks-container container mb-0\">\n\t\n<div class=\"wp-bootstrap-blocks-row row\">\n\t\n\n<div class=\"col-12 col-md-12 col-lg-12\">\n\t\t\t\n\n<div class=\"wp-block-columns block-programs-home is-layout-flex wp-container-core-columns-is-layout-9d6595d7 wp-block-columns-is-layout-flex\">\n<div class=\"wp-block-column is-layout-flow wp-block-column-is-layout-flow\">\n<figure class=\"wp-block-image size-full\"><img loading=\"lazy\" decoding=\"async\" width=\"1600\" height=\"1200\" src=\"https:\/\/thinkin3d.cat\/wp-content\/uploads\/2025\/02\/immersio.jpg\" alt=\"servicios tecnol\u00f3gicos subvencionados - immersi\u00f3n tecnol\u00f3gica\" class=\"wp-image-8772\" style=\"aspect-ratio:4\/3;object-fit:cover\" srcset=\"https:\/\/thinkin3d.cat\/wp-content\/uploads\/2025\/02\/immersio.jpg 1600w, https:\/\/thinkin3d.cat\/wp-content\/uploads\/2025\/02\/immersio-300x225.jpg 300w, https:\/\/thinkin3d.cat\/wp-content\/uploads\/2025\/02\/immersio-1024x768.jpg 1024w, https:\/\/thinkin3d.cat\/wp-content\/uploads\/2025\/02\/immersio-768x576.jpg 768w, https:\/\/thinkin3d.cat\/wp-content\/uploads\/2025\/02\/immersio-1536x1152.jpg 1536w\" sizes=\"auto, (max-width: 1600px) 100vw, 1600px\" \/><\/figure>\n\n\n\n<h3 class=\"wp-block-heading has-text-align-left\">Sesiones de inmersi\u00f3n tecnol\u00f3gica<\/h3>\n\n\n\n<p class=\"has-text-align-left\">Ofrecemos sesiones formativas de capacitaci\u00f3n en herramientas tecnol\u00f3gicas como CAD, BIM, DICOM, fotogrametr\u00eda, renderizado, escaneado y post-procesado, orientadas a preparar a los equipos para trabajar con las \u00faltimas herramientas digitales vinculadas a la manufactura avanzada.<\/p>\n<\/div>\n\n\n\n<div class=\"wp-block-column is-layout-flow wp-block-column-is-layout-flow\">\n<figure class=\"wp-block-image size-full\"><img loading=\"lazy\" decoding=\"async\" width=\"810\" height=\"540\" src=\"https:\/\/thinkin3d.cat\/wp-content\/uploads\/2025\/02\/consultoria.jpg\" alt=\"\" class=\"wp-image-8775\" style=\"aspect-ratio:4\/3;object-fit:cover\" srcset=\"https:\/\/thinkin3d.cat\/wp-content\/uploads\/2025\/02\/consultoria.jpg 810w, https:\/\/thinkin3d.cat\/wp-content\/uploads\/2025\/02\/consultoria-300x200.jpg 300w, https:\/\/thinkin3d.cat\/wp-content\/uploads\/2025\/02\/consultoria-768x512.jpg 768w\" sizes=\"auto, (max-width: 810px) 100vw, 810px\" \/><\/figure>\n\n\n\n<h3 class=\"wp-block-heading has-text-align-left\">Consultor\u00eda especializada en impresi\u00f3n 3D e industria 4.0<\/h3>\n\n\n\n<p class=\"has-text-align-left\">Accede a asesoramiento experto en impresi\u00f3n 3D, tecnolog\u00edas de la industria 4.0 y Lean Manufacturing, para realizar tu empresa m\u00e1s eficiente y competitiva en el contexto actual.<\/p>\n<\/div>\n\n\n\n<div class=\"wp-block-column is-layout-flow wp-block-column-is-layout-flow\">\n<figure class=\"wp-block-image size-full\"><img loading=\"lazy\" decoding=\"async\" width=\"1500\" height=\"1125\" src=\"https:\/\/thinkin3d.cat\/wp-content\/uploads\/2025\/02\/serveis.jpg\" alt=\"\" class=\"wp-image-8778\" style=\"aspect-ratio:4\/3;object-fit:cover\" srcset=\"https:\/\/thinkin3d.cat\/wp-content\/uploads\/2025\/02\/serveis.jpg 1500w, https:\/\/thinkin3d.cat\/wp-content\/uploads\/2025\/02\/serveis-300x225.jpg 300w, https:\/\/thinkin3d.cat\/wp-content\/uploads\/2025\/02\/serveis-1024x768.jpg 1024w, https:\/\/thinkin3d.cat\/wp-content\/uploads\/2025\/02\/serveis-768x576.jpg 768w\" sizes=\"auto, (max-width: 1500px) 100vw, 1500px\" \/><\/figure>\n\n\n\n<h3 class=\"wp-block-heading has-text-align-left\">Servicios TecnoCampus: financiaci\u00f3n, promoci\u00f3n internacional y networking<\/h3>\n\n\n\n<p class=\"has-text-align-left\">Desde TecnoCampus, te ofrecemos orientaci\u00f3n financiera, estrategias de promoci\u00f3n internacional y conexi\u00f3n con un ecosistema de innovaci\u00f3n de alto valor a\u00f1adido, adem\u00e1s de acceso a salas y espacios para congresos y presencia en medios de comunicaci\u00f3n.<\/p>\n<\/div>\n<\/div>\n\n\t<\/div>\n\n<\/div>\n\n\n\n<div style=\"height:75px\" aria-hidden=\"true\" class=\"wp-block-spacer\"><\/div>\n\n<\/div>\n\n<\/div>\n\n\n\n<div class=\"wp-block-group bg-gray py-5\"><div class=\"wp-block-group__inner-container is-layout-constrained wp-block-group-is-layout-constrained\"><div class=\"wp-bootstrap-blocks-container container mb-0 has-padding-169\">\n\t\n\n<div style=\"height:50px\" aria-hidden=\"true\" class=\"wp-block-spacer\"><\/div>\n\n\n\n<p class=\"has-text-align-center has-medium-font-size\"><strong>Te ayudamos a reducir costes, a acelerar procesos ya aumentar la flexibilidad de tu empresa gracias a programas tecnol\u00f3gicos de innovaci\u00f3n<\/strong><\/p>\n\n\n\n<div class=\"wp-block-buttons pb-0 is-content-justification-center is-nowrap is-layout-flex wp-container-core-buttons-is-layout-1fb9aab6 wp-block-buttons-is-layout-flex\">\n<div class=\"wp-block-button aligncenter red is-style-fill\"><a class=\"wp-block-button__link has-background wp-element-button\" href=\"https:\/\/calendly.com\/thinkin3d\/preconsultoria-usuaris-thinkin3d\" style=\"background-color:#c21f41\" target=\"_blank\" rel=\"noreferrer noopener nofollow\">Pide asesoramiento gratuito<\/a><\/div>\n<\/div>\n\n\n\n<div style=\"height:50px\" aria-hidden=\"true\" class=\"wp-block-spacer\"><\/div>\n\n<\/div>\n<\/div><\/div>\n","protected":false},"excerpt":{"rendered":"","protected":false},"author":11,"featured_media":0,"parent":0,"menu_order":0,"comment_status":"closed","ping_status":"closed","template":"","meta":{"_acf_changed":false,"_eb_attr":"","footnotes":""},"class_list":["post-8984","page","type-page","status-publish","hentry"],"acf":[],"yoast_head":"<!-- This site is optimized with the Yoast SEO plugin v27.4 - https:\/\/yoast.com\/product\/yoast-seo-wordpress\/ -->\n<title>Servicios tecnol\u00f3gicos subvencionados | Thinkin3D<\/title>\n<meta name=\"description\" content=\"Descubre los servicios tecnol\u00f3gicos subvencionados de ThinkIn 3D enfocados a acelerar la innovaci\u00f3n y competitividad de las empresas.\" \/>\n<meta name=\"robots\" content=\"index, follow, max-snippet:-1, max-image-preview:large, max-video-preview:-1\" \/>\n<link rel=\"canonical\" href=\"https:\/\/thinkin3d.cat\/es\/servicios-tecnologicos-subvencionados\/\" \/>\n<meta property=\"og:locale\" content=\"es_ES\" \/>\n<meta property=\"og:type\" content=\"article\" \/>\n<meta property=\"og:title\" content=\"Servicios tecnol\u00f3gicos subvencionados | Thinkin3D\" \/>\n<meta property=\"og:description\" content=\"Descubre los servicios tecnol\u00f3gicos subvencionados de ThinkIn 3D enfocados a acelerar la innovaci\u00f3n y competitividad de las empresas.\" \/>\n<meta property=\"og:url\" content=\"https:\/\/thinkin3d.cat\/es\/servicios-tecnologicos-subvencionados\/\" \/>\n<meta property=\"og:site_name\" content=\"Thinkin3D\" \/>\n<meta property=\"article:modified_time\" content=\"2026-02-16T09:47:57+00:00\" \/>\n<meta property=\"og:image\" content=\"https:\/\/thinkin3d.cat\/wp-content\/uploads\/2025\/02\/transferencia_tecnologica-1.jpeg\" \/>\n\t<meta property=\"og:image:width\" content=\"1\" \/>\n\t<meta property=\"og:image:height\" content=\"1\" \/>\n\t<meta property=\"og:image:type\" content=\"image\/jpeg\" \/>\n<meta name=\"twitter:card\" content=\"summary_large_image\" \/>\n<meta name=\"twitter:label1\" content=\"Tiempo de lectura\" \/>\n\t<meta name=\"twitter:data1\" content=\"3 minutos\" \/>\n<script type=\"application\/ld+json\" class=\"yoast-schema-graph\">{\"@context\":\"https:\\\/\\\/schema.org\",\"@graph\":[{\"@type\":\"WebPage\",\"@id\":\"https:\\\/\\\/thinkin3d.cat\\\/es\\\/servicios-tecnologicos-subvencionados\\\/\",\"url\":\"https:\\\/\\\/thinkin3d.cat\\\/es\\\/servicios-tecnologicos-subvencionados\\\/\",\"name\":\"Servicios tecnol\u00f3gicos subvencionados | Thinkin3D\",\"isPartOf\":{\"@id\":\"https:\\\/\\\/thinkin3d.cat\\\/es\\\/#website\"},\"primaryImageOfPage\":{\"@id\":\"https:\\\/\\\/thinkin3d.cat\\\/es\\\/servicios-tecnologicos-subvencionados\\\/#primaryimage\"},\"image\":{\"@id\":\"https:\\\/\\\/thinkin3d.cat\\\/es\\\/servicios-tecnologicos-subvencionados\\\/#primaryimage\"},\"thumbnailUrl\":\"https:\\\/\\\/thinkin3d.cat\\\/wp-content\\\/uploads\\\/2025\\\/02\\\/transferencia_tecnologica-1.jpeg\",\"datePublished\":\"2025-02-06T08:49:03+00:00\",\"dateModified\":\"2026-02-16T09:47:57+00:00\",\"description\":\"Descubre los servicios tecnol\u00f3gicos subvencionados de ThinkIn 3D enfocados a acelerar la innovaci\u00f3n y competitividad de las empresas.\",\"breadcrumb\":{\"@id\":\"https:\\\/\\\/thinkin3d.cat\\\/es\\\/servicios-tecnologicos-subvencionados\\\/#breadcrumb\"},\"inLanguage\":\"es\",\"potentialAction\":[{\"@type\":\"ReadAction\",\"target\":[\"https:\\\/\\\/thinkin3d.cat\\\/es\\\/servicios-tecnologicos-subvencionados\\\/\"]}]},{\"@type\":\"ImageObject\",\"inLanguage\":\"es\",\"@id\":\"https:\\\/\\\/thinkin3d.cat\\\/es\\\/servicios-tecnologicos-subvencionados\\\/#primaryimage\",\"url\":\"https:\\\/\\\/thinkin3d.cat\\\/wp-content\\\/uploads\\\/2025\\\/02\\\/transferencia_tecnologica-1.jpeg\",\"contentUrl\":\"https:\\\/\\\/thinkin3d.cat\\\/wp-content\\\/uploads\\\/2025\\\/02\\\/transferencia_tecnologica-1.jpeg\"},{\"@type\":\"BreadcrumbList\",\"@id\":\"https:\\\/\\\/thinkin3d.cat\\\/es\\\/servicios-tecnologicos-subvencionados\\\/#breadcrumb\",\"itemListElement\":[{\"@type\":\"ListItem\",\"position\":1,\"name\":\"Home\",\"item\":\"https:\\\/\\\/thinkin3d.cat\\\/es\\\/\"},{\"@type\":\"ListItem\",\"position\":2,\"name\":\"Servicios\"}]},{\"@type\":\"WebSite\",\"@id\":\"https:\\\/\\\/thinkin3d.cat\\\/es\\\/#website\",\"url\":\"https:\\\/\\\/thinkin3d.cat\\\/es\\\/\",\"name\":\"ThinkIn3D\",\"description\":\"Benvinguts\\\/des al web de ThinkIn 3D, l&#039;acceleradora de fabricaci\u00f3 additiva del TecnoCampus, un projecte impulsat per l&#039;Ajuntament de Matar\u00f3 amb col\u00b7laboraci\u00f3 de la Uni\u00f3 Europea i la Fundaci\u00f3 INCYDE, membre de IAT.\",\"publisher\":{\"@id\":\"https:\\\/\\\/thinkin3d.cat\\\/es\\\/#organization\"},\"potentialAction\":[{\"@type\":\"SearchAction\",\"target\":{\"@type\":\"EntryPoint\",\"urlTemplate\":\"https:\\\/\\\/thinkin3d.cat\\\/es\\\/?s={search_term_string}\"},\"query-input\":{\"@type\":\"PropertyValueSpecification\",\"valueRequired\":true,\"valueName\":\"search_term_string\"}}],\"inLanguage\":\"es\"},{\"@type\":\"Organization\",\"@id\":\"https:\\\/\\\/thinkin3d.cat\\\/es\\\/#organization\",\"name\":\"ThinkIn3D\",\"url\":\"https:\\\/\\\/thinkin3d.cat\\\/es\\\/\",\"logo\":{\"@type\":\"ImageObject\",\"inLanguage\":\"es\",\"@id\":\"https:\\\/\\\/thinkin3d.cat\\\/es\\\/#\\\/schema\\\/logo\\\/image\\\/\",\"url\":\"https:\\\/\\\/thinkin3d.cat\\\/wp-content\\\/uploads\\\/2023\\\/03\\\/cropped-Favicon-Thinkin.png\",\"contentUrl\":\"https:\\\/\\\/thinkin3d.cat\\\/wp-content\\\/uploads\\\/2023\\\/03\\\/cropped-Favicon-Thinkin.png\",\"width\":512,\"height\":512,\"caption\":\"ThinkIn3D\"},\"image\":{\"@id\":\"https:\\\/\\\/thinkin3d.cat\\\/es\\\/#\\\/schema\\\/logo\\\/image\\\/\"}}]}<\/script>\n<!-- \/ Yoast SEO plugin. -->","yoast_head_json":{"title":"Servicios tecnol\u00f3gicos subvencionados | Thinkin3D","description":"Descubre los servicios tecnol\u00f3gicos subvencionados de ThinkIn 3D enfocados a acelerar la innovaci\u00f3n y competitividad de las empresas.","robots":{"index":"index","follow":"follow","max-snippet":"max-snippet:-1","max-image-preview":"max-image-preview:large","max-video-preview":"max-video-preview:-1"},"canonical":"https:\/\/thinkin3d.cat\/es\/servicios-tecnologicos-subvencionados\/","og_locale":"es_ES","og_type":"article","og_title":"Servicios tecnol\u00f3gicos subvencionados | Thinkin3D","og_description":"Descubre los servicios tecnol\u00f3gicos subvencionados de ThinkIn 3D enfocados a acelerar la innovaci\u00f3n y competitividad de las empresas.","og_url":"https:\/\/thinkin3d.cat\/es\/servicios-tecnologicos-subvencionados\/","og_site_name":"Thinkin3D","article_modified_time":"2026-02-16T09:47:57+00:00","og_image":[{"url":"https:\/\/thinkin3d.cat\/wp-content\/uploads\/2025\/02\/transferencia_tecnologica-1.jpeg","width":1,"height":1,"type":"image\/jpeg"}],"twitter_card":"summary_large_image","twitter_misc":{"Tiempo de lectura":"3 minutos"},"schema":{"@context":"https:\/\/schema.org","@graph":[{"@type":"WebPage","@id":"https:\/\/thinkin3d.cat\/es\/servicios-tecnologicos-subvencionados\/","url":"https:\/\/thinkin3d.cat\/es\/servicios-tecnologicos-subvencionados\/","name":"Servicios tecnol\u00f3gicos subvencionados | Thinkin3D","isPartOf":{"@id":"https:\/\/thinkin3d.cat\/es\/#website"},"primaryImageOfPage":{"@id":"https:\/\/thinkin3d.cat\/es\/servicios-tecnologicos-subvencionados\/#primaryimage"},"image":{"@id":"https:\/\/thinkin3d.cat\/es\/servicios-tecnologicos-subvencionados\/#primaryimage"},"thumbnailUrl":"https:\/\/thinkin3d.cat\/wp-content\/uploads\/2025\/02\/transferencia_tecnologica-1.jpeg","datePublished":"2025-02-06T08:49:03+00:00","dateModified":"2026-02-16T09:47:57+00:00","description":"Descubre los servicios tecnol\u00f3gicos subvencionados de ThinkIn 3D enfocados a acelerar la innovaci\u00f3n y competitividad de las empresas.","breadcrumb":{"@id":"https:\/\/thinkin3d.cat\/es\/servicios-tecnologicos-subvencionados\/#breadcrumb"},"inLanguage":"es","potentialAction":[{"@type":"ReadAction","target":["https:\/\/thinkin3d.cat\/es\/servicios-tecnologicos-subvencionados\/"]}]},{"@type":"ImageObject","inLanguage":"es","@id":"https:\/\/thinkin3d.cat\/es\/servicios-tecnologicos-subvencionados\/#primaryimage","url":"https:\/\/thinkin3d.cat\/wp-content\/uploads\/2025\/02\/transferencia_tecnologica-1.jpeg","contentUrl":"https:\/\/thinkin3d.cat\/wp-content\/uploads\/2025\/02\/transferencia_tecnologica-1.jpeg"},{"@type":"BreadcrumbList","@id":"https:\/\/thinkin3d.cat\/es\/servicios-tecnologicos-subvencionados\/#breadcrumb","itemListElement":[{"@type":"ListItem","position":1,"name":"Home","item":"https:\/\/thinkin3d.cat\/es\/"},{"@type":"ListItem","position":2,"name":"Servicios"}]},{"@type":"WebSite","@id":"https:\/\/thinkin3d.cat\/es\/#website","url":"https:\/\/thinkin3d.cat\/es\/","name":"ThinkIn3D","description":"Benvinguts\/des al web de ThinkIn 3D, l&#039;acceleradora de fabricaci\u00f3 additiva del TecnoCampus, un projecte impulsat per l&#039;Ajuntament de Matar\u00f3 amb col\u00b7laboraci\u00f3 de la Uni\u00f3 Europea i la Fundaci\u00f3 INCYDE, membre de IAT.","publisher":{"@id":"https:\/\/thinkin3d.cat\/es\/#organization"},"potentialAction":[{"@type":"SearchAction","target":{"@type":"EntryPoint","urlTemplate":"https:\/\/thinkin3d.cat\/es\/?s={search_term_string}"},"query-input":{"@type":"PropertyValueSpecification","valueRequired":true,"valueName":"search_term_string"}}],"inLanguage":"es"},{"@type":"Organization","@id":"https:\/\/thinkin3d.cat\/es\/#organization","name":"ThinkIn3D","url":"https:\/\/thinkin3d.cat\/es\/","logo":{"@type":"ImageObject","inLanguage":"es","@id":"https:\/\/thinkin3d.cat\/es\/#\/schema\/logo\/image\/","url":"https:\/\/thinkin3d.cat\/wp-content\/uploads\/2023\/03\/cropped-Favicon-Thinkin.png","contentUrl":"https:\/\/thinkin3d.cat\/wp-content\/uploads\/2023\/03\/cropped-Favicon-Thinkin.png","width":512,"height":512,"caption":"ThinkIn3D"},"image":{"@id":"https:\/\/thinkin3d.cat\/es\/#\/schema\/logo\/image\/"}}]}},"_links":{"self":[{"href":"https:\/\/thinkin3d.cat\/es\/wp-json\/wp\/v2\/pages\/8984","targetHints":{"allow":["GET"]}}],"collection":[{"href":"https:\/\/thinkin3d.cat\/es\/wp-json\/wp\/v2\/pages"}],"about":[{"href":"https:\/\/thinkin3d.cat\/es\/wp-json\/wp\/v2\/types\/page"}],"author":[{"embeddable":true,"href":"https:\/\/thinkin3d.cat\/es\/wp-json\/wp\/v2\/users\/11"}],"replies":[{"embeddable":true,"href":"https:\/\/thinkin3d.cat\/es\/wp-json\/wp\/v2\/comments?post=8984"}],"version-history":[{"count":5,"href":"https:\/\/thinkin3d.cat\/es\/wp-json\/wp\/v2\/pages\/8984\/revisions"}],"predecessor-version":[{"id":18601,"href":"https:\/\/thinkin3d.cat\/es\/wp-json\/wp\/v2\/pages\/8984\/revisions\/18601"}],"wp:attachment":[{"href":"https:\/\/thinkin3d.cat\/es\/wp-json\/wp\/v2\/media?parent=8984"}],"curies":[{"name":"wp","href":"https:\/\/api.w.org\/{rel}","templated":true}]}}