{"id":17089,"date":"2025-12-11T09:49:56","date_gmt":"2025-12-11T09:49:56","guid":{"rendered":"https:\/\/thinkin3d.cat\/?page_id=17089"},"modified":"2026-04-07T10:17:56","modified_gmt":"2026-04-07T10:17:56","slug":"directorio-de-empresas","status":"publish","type":"page","link":"https:\/\/thinkin3d.cat\/es\/directorio-de-empresas\/","title":{"rendered":"Directorio de empresas"},"content":{"rendered":"\n<div class=\"wp-block-cover alignfull is-light wp-duotone-unset-1\" style=\"min-height:600px;aspect-ratio:unset;\"><img loading=\"lazy\" decoding=\"async\" width=\"2000\" height=\"600\" class=\"wp-block-cover__image-background wp-image-19539 size-full\" alt=\"\" src=\"https:\/\/thinkin3d.cat\/wp-content\/uploads\/2026\/04\/Disseny-sense-titol-1.png\" style=\"object-position:100% 50%\" data-object-fit=\"cover\" data-object-position=\"100% 50%\" srcset=\"https:\/\/thinkin3d.cat\/wp-content\/uploads\/2026\/04\/Disseny-sense-titol-1.png 2000w, https:\/\/thinkin3d.cat\/wp-content\/uploads\/2026\/04\/Disseny-sense-titol-1-300x90.png 300w, https:\/\/thinkin3d.cat\/wp-content\/uploads\/2026\/04\/Disseny-sense-titol-1-1024x307.png 1024w, https:\/\/thinkin3d.cat\/wp-content\/uploads\/2026\/04\/Disseny-sense-titol-1-768x230.png 768w, https:\/\/thinkin3d.cat\/wp-content\/uploads\/2026\/04\/Disseny-sense-titol-1-1536x461.png 1536w\" sizes=\"auto, (max-width: 2000px) 100vw, 2000px\" \/><span aria-hidden=\"true\" class=\"wp-block-cover__background has-background-dim-0 has-background-dim\"><\/span><div class=\"wp-block-cover__inner-container is-layout-flow wp-block-cover-is-layout-flow\">\n<h1 class=\"wp-block-heading has-text-align-center h2\"><strong>Directorio de empresas<\/strong><\/h1>\n\n\n\n<p class=\"has-text-align-center h3\">Conecta con proveedores especializados locales.<br>Descubrelos abajo.<\/p>\n<\/div><\/div>\n\n\n\n<div style=\"height:50px\" aria-hidden=\"true\" class=\"wp-block-spacer\"><\/div>\n\n\n\n<p>El directorio de empresas 3D de ThinkIn 3D es el espacio donde, despu\u00e9s de haber completado su proceso de introducci\u00f3n a la fabricaci\u00f3n aditiva, la impresi\u00f3n 3D y la manufactura avanzada, puede conectar con proveedores especializados que le ayudar\u00e1n a continuar evolucionando sus proyectos. Por eso, esta p\u00e1gina re\u00fane a empresas privadas que ofrecen servicios profesionales para el desarrollo de prototipos, piezas finales y soluciones personalizadas.<\/p>\n\n\n\n<p>En definitiva, este espacio le permite encontrar, f\u00e1cilmente y con criterio, los socios tecnol\u00f3gicos m\u00e1s adecuados. Le animamos a seguir avanzando en la aplicaci\u00f3n de la impresi\u00f3n 3D y la manufactura avanzada dentro de su empresa.<\/p>\n\n\n\n<p>\u00bfTe gustar\u00eda aparecer en el directorio de ThinkIn 3D? Para formar parte, es necesario completar previamente la encuesta \u00ab<a href=\"https:\/\/forms-emprenedoria.tecnocampus.cat\/view.php?id=334714\">\u00bfQuieres aparecer recomendado en la web de ThinkIn 3D?<\/a>\u00bb En este sentido, esta informaci\u00f3n nos permite conocer mejor la actividad, las capacidades y los servicios que ofrece, a fin de garantizar que el directorio re\u00fana empresas alineadas con la fabricaci\u00f3n aditiva, la impresi\u00f3n 3D y la manufactura avanzada.<\/p>\n\n\n\n<p><\/p>\n","protected":false},"excerpt":{"rendered":"<p>El directorio de empresas 3D de ThinkIn 3D es el espacio donde, despu\u00e9s de haber completado su proceso de introducci\u00f3n a la fabricaci\u00f3n aditiva, la impresi\u00f3n 3D y la manufactura avanzada, puede conectar con proveedores especializados que le ayudar\u00e1n a continuar evolucionando sus proyectos. Por eso, esta p\u00e1gina re\u00fane a empresas privadas que ofrecen servicios [&hellip;]<\/p>\n","protected":false},"author":11,"featured_media":0,"parent":0,"menu_order":0,"comment_status":"closed","ping_status":"closed","template":"page-templates\/page-directorio-empresas.php","meta":{"_acf_changed":false,"_eb_attr":"","footnotes":""},"class_list":["post-17089","page","type-page","status-publish","hentry"],"acf":[],"yoast_head":"<!-- This site is optimized with the Yoast SEO plugin v27.4 - https:\/\/yoast.com\/product\/yoast-seo-wordpress\/ -->\n<title>Directorio de empresas | Thinkin3D<\/title>\n<meta name=\"description\" content=\"Descubre el directorio de empresas de fabricaci\u00f3n aditiva y manufactura avanzada a las que te puedes dirigir.\" \/>\n<meta name=\"robots\" content=\"index, follow, max-snippet:-1, max-image-preview:large, max-video-preview:-1\" \/>\n<link rel=\"canonical\" href=\"https:\/\/thinkin3d.cat\/es\/directorio-de-empresas\/\" \/>\n<meta property=\"og:locale\" content=\"es_ES\" \/>\n<meta property=\"og:type\" content=\"article\" \/>\n<meta property=\"og:title\" content=\"Directorio de empresas | Thinkin3D\" \/>\n<meta property=\"og:description\" content=\"Descubre el directorio de empresas de fabricaci\u00f3n aditiva y manufactura avanzada a las que te puedes dirigir.\" \/>\n<meta property=\"og:url\" content=\"https:\/\/thinkin3d.cat\/es\/directorio-de-empresas\/\" \/>\n<meta property=\"og:site_name\" content=\"Thinkin3D\" \/>\n<meta property=\"article:modified_time\" content=\"2026-04-07T10:17:56+00:00\" \/>\n<meta property=\"og:image\" content=\"https:\/\/thinkin3d.cat\/wp-content\/uploads\/2026\/04\/Disseny-sense-titol-1.png\" \/>\n\t<meta property=\"og:image:width\" content=\"2000\" \/>\n\t<meta property=\"og:image:height\" content=\"600\" \/>\n\t<meta property=\"og:image:type\" content=\"image\/png\" \/>\n<meta name=\"twitter:card\" content=\"summary_large_image\" \/>\n<meta name=\"twitter:label1\" content=\"Tiempo de lectura\" \/>\n\t<meta name=\"twitter:data1\" content=\"2 minutos\" \/>\n<script type=\"application\/ld+json\" class=\"yoast-schema-graph\">{\"@context\":\"https:\\\/\\\/schema.org\",\"@graph\":[{\"@type\":\"WebPage\",\"@id\":\"https:\\\/\\\/thinkin3d.cat\\\/es\\\/directorio-de-empresas\\\/\",\"url\":\"https:\\\/\\\/thinkin3d.cat\\\/es\\\/directorio-de-empresas\\\/\",\"name\":\"Directorio de empresas | Thinkin3D\",\"isPartOf\":{\"@id\":\"https:\\\/\\\/thinkin3d.cat\\\/es\\\/#website\"},\"primaryImageOfPage\":{\"@id\":\"https:\\\/\\\/thinkin3d.cat\\\/es\\\/directorio-de-empresas\\\/#primaryimage\"},\"image\":{\"@id\":\"https:\\\/\\\/thinkin3d.cat\\\/es\\\/directorio-de-empresas\\\/#primaryimage\"},\"thumbnailUrl\":\"https:\\\/\\\/thinkin3d.cat\\\/wp-content\\\/uploads\\\/2026\\\/04\\\/Disseny-sense-titol-1.png\",\"datePublished\":\"2025-12-11T09:49:56+00:00\",\"dateModified\":\"2026-04-07T10:17:56+00:00\",\"description\":\"Descubre el directorio de empresas de fabricaci\u00f3n aditiva y manufactura avanzada a las que te puedes dirigir.\",\"breadcrumb\":{\"@id\":\"https:\\\/\\\/thinkin3d.cat\\\/es\\\/directorio-de-empresas\\\/#breadcrumb\"},\"inLanguage\":\"es\",\"potentialAction\":[{\"@type\":\"ReadAction\",\"target\":[\"https:\\\/\\\/thinkin3d.cat\\\/es\\\/directorio-de-empresas\\\/\"]}]},{\"@type\":\"ImageObject\",\"inLanguage\":\"es\",\"@id\":\"https:\\\/\\\/thinkin3d.cat\\\/es\\\/directorio-de-empresas\\\/#primaryimage\",\"url\":\"https:\\\/\\\/thinkin3d.cat\\\/wp-content\\\/uploads\\\/2026\\\/04\\\/Disseny-sense-titol-1.png\",\"contentUrl\":\"https:\\\/\\\/thinkin3d.cat\\\/wp-content\\\/uploads\\\/2026\\\/04\\\/Disseny-sense-titol-1.png\"},{\"@type\":\"BreadcrumbList\",\"@id\":\"https:\\\/\\\/thinkin3d.cat\\\/es\\\/directorio-de-empresas\\\/#breadcrumb\",\"itemListElement\":[{\"@type\":\"ListItem\",\"position\":1,\"name\":\"Home\",\"item\":\"https:\\\/\\\/thinkin3d.cat\\\/es\\\/\"},{\"@type\":\"ListItem\",\"position\":2,\"name\":\"Directorio de empresas\"}]},{\"@type\":\"WebSite\",\"@id\":\"https:\\\/\\\/thinkin3d.cat\\\/es\\\/#website\",\"url\":\"https:\\\/\\\/thinkin3d.cat\\\/es\\\/\",\"name\":\"ThinkIn3D\",\"description\":\"Benvinguts\\\/des al web de ThinkIn 3D, l&#039;acceleradora de fabricaci\u00f3 additiva del TecnoCampus, un projecte impulsat per l&#039;Ajuntament de Matar\u00f3 amb col\u00b7laboraci\u00f3 de la Uni\u00f3 Europea i la Fundaci\u00f3 INCYDE, membre de IAT.\",\"publisher\":{\"@id\":\"https:\\\/\\\/thinkin3d.cat\\\/es\\\/#organization\"},\"potentialAction\":[{\"@type\":\"SearchAction\",\"target\":{\"@type\":\"EntryPoint\",\"urlTemplate\":\"https:\\\/\\\/thinkin3d.cat\\\/es\\\/?s={search_term_string}\"},\"query-input\":{\"@type\":\"PropertyValueSpecification\",\"valueRequired\":true,\"valueName\":\"search_term_string\"}}],\"inLanguage\":\"es\"},{\"@type\":\"Organization\",\"@id\":\"https:\\\/\\\/thinkin3d.cat\\\/es\\\/#organization\",\"name\":\"ThinkIn3D\",\"url\":\"https:\\\/\\\/thinkin3d.cat\\\/es\\\/\",\"logo\":{\"@type\":\"ImageObject\",\"inLanguage\":\"es\",\"@id\":\"https:\\\/\\\/thinkin3d.cat\\\/es\\\/#\\\/schema\\\/logo\\\/image\\\/\",\"url\":\"https:\\\/\\\/thinkin3d.cat\\\/wp-content\\\/uploads\\\/2023\\\/03\\\/cropped-Favicon-Thinkin.png\",\"contentUrl\":\"https:\\\/\\\/thinkin3d.cat\\\/wp-content\\\/uploads\\\/2023\\\/03\\\/cropped-Favicon-Thinkin.png\",\"width\":512,\"height\":512,\"caption\":\"ThinkIn3D\"},\"image\":{\"@id\":\"https:\\\/\\\/thinkin3d.cat\\\/es\\\/#\\\/schema\\\/logo\\\/image\\\/\"}}]}<\/script>\n<!-- \/ Yoast SEO plugin. -->","yoast_head_json":{"title":"Directorio de empresas | Thinkin3D","description":"Descubre el directorio de empresas de fabricaci\u00f3n aditiva y manufactura avanzada a las que te puedes dirigir.","robots":{"index":"index","follow":"follow","max-snippet":"max-snippet:-1","max-image-preview":"max-image-preview:large","max-video-preview":"max-video-preview:-1"},"canonical":"https:\/\/thinkin3d.cat\/es\/directorio-de-empresas\/","og_locale":"es_ES","og_type":"article","og_title":"Directorio de empresas | Thinkin3D","og_description":"Descubre el directorio de empresas de fabricaci\u00f3n aditiva y manufactura avanzada a las que te puedes dirigir.","og_url":"https:\/\/thinkin3d.cat\/es\/directorio-de-empresas\/","og_site_name":"Thinkin3D","article_modified_time":"2026-04-07T10:17:56+00:00","og_image":[{"width":2000,"height":600,"url":"https:\/\/thinkin3d.cat\/wp-content\/uploads\/2026\/04\/Disseny-sense-titol-1.png","type":"image\/png"}],"twitter_card":"summary_large_image","twitter_misc":{"Tiempo de lectura":"2 minutos"},"schema":{"@context":"https:\/\/schema.org","@graph":[{"@type":"WebPage","@id":"https:\/\/thinkin3d.cat\/es\/directorio-de-empresas\/","url":"https:\/\/thinkin3d.cat\/es\/directorio-de-empresas\/","name":"Directorio de empresas | Thinkin3D","isPartOf":{"@id":"https:\/\/thinkin3d.cat\/es\/#website"},"primaryImageOfPage":{"@id":"https:\/\/thinkin3d.cat\/es\/directorio-de-empresas\/#primaryimage"},"image":{"@id":"https:\/\/thinkin3d.cat\/es\/directorio-de-empresas\/#primaryimage"},"thumbnailUrl":"https:\/\/thinkin3d.cat\/wp-content\/uploads\/2026\/04\/Disseny-sense-titol-1.png","datePublished":"2025-12-11T09:49:56+00:00","dateModified":"2026-04-07T10:17:56+00:00","description":"Descubre el directorio de empresas de fabricaci\u00f3n aditiva y manufactura avanzada a las que te puedes dirigir.","breadcrumb":{"@id":"https:\/\/thinkin3d.cat\/es\/directorio-de-empresas\/#breadcrumb"},"inLanguage":"es","potentialAction":[{"@type":"ReadAction","target":["https:\/\/thinkin3d.cat\/es\/directorio-de-empresas\/"]}]},{"@type":"ImageObject","inLanguage":"es","@id":"https:\/\/thinkin3d.cat\/es\/directorio-de-empresas\/#primaryimage","url":"https:\/\/thinkin3d.cat\/wp-content\/uploads\/2026\/04\/Disseny-sense-titol-1.png","contentUrl":"https:\/\/thinkin3d.cat\/wp-content\/uploads\/2026\/04\/Disseny-sense-titol-1.png"},{"@type":"BreadcrumbList","@id":"https:\/\/thinkin3d.cat\/es\/directorio-de-empresas\/#breadcrumb","itemListElement":[{"@type":"ListItem","position":1,"name":"Home","item":"https:\/\/thinkin3d.cat\/es\/"},{"@type":"ListItem","position":2,"name":"Directorio de empresas"}]},{"@type":"WebSite","@id":"https:\/\/thinkin3d.cat\/es\/#website","url":"https:\/\/thinkin3d.cat\/es\/","name":"ThinkIn3D","description":"Benvinguts\/des al web de ThinkIn 3D, l&#039;acceleradora de fabricaci\u00f3 additiva del TecnoCampus, un projecte impulsat per l&#039;Ajuntament de Matar\u00f3 amb col\u00b7laboraci\u00f3 de la Uni\u00f3 Europea i la Fundaci\u00f3 INCYDE, membre de IAT.","publisher":{"@id":"https:\/\/thinkin3d.cat\/es\/#organization"},"potentialAction":[{"@type":"SearchAction","target":{"@type":"EntryPoint","urlTemplate":"https:\/\/thinkin3d.cat\/es\/?s={search_term_string}"},"query-input":{"@type":"PropertyValueSpecification","valueRequired":true,"valueName":"search_term_string"}}],"inLanguage":"es"},{"@type":"Organization","@id":"https:\/\/thinkin3d.cat\/es\/#organization","name":"ThinkIn3D","url":"https:\/\/thinkin3d.cat\/es\/","logo":{"@type":"ImageObject","inLanguage":"es","@id":"https:\/\/thinkin3d.cat\/es\/#\/schema\/logo\/image\/","url":"https:\/\/thinkin3d.cat\/wp-content\/uploads\/2023\/03\/cropped-Favicon-Thinkin.png","contentUrl":"https:\/\/thinkin3d.cat\/wp-content\/uploads\/2023\/03\/cropped-Favicon-Thinkin.png","width":512,"height":512,"caption":"ThinkIn3D"},"image":{"@id":"https:\/\/thinkin3d.cat\/es\/#\/schema\/logo\/image\/"}}]}},"_links":{"self":[{"href":"https:\/\/thinkin3d.cat\/es\/wp-json\/wp\/v2\/pages\/17089","targetHints":{"allow":["GET"]}}],"collection":[{"href":"https:\/\/thinkin3d.cat\/es\/wp-json\/wp\/v2\/pages"}],"about":[{"href":"https:\/\/thinkin3d.cat\/es\/wp-json\/wp\/v2\/types\/page"}],"author":[{"embeddable":true,"href":"https:\/\/thinkin3d.cat\/es\/wp-json\/wp\/v2\/users\/11"}],"replies":[{"embeddable":true,"href":"https:\/\/thinkin3d.cat\/es\/wp-json\/wp\/v2\/comments?post=17089"}],"version-history":[{"count":21,"href":"https:\/\/thinkin3d.cat\/es\/wp-json\/wp\/v2\/pages\/17089\/revisions"}],"predecessor-version":[{"id":19592,"href":"https:\/\/thinkin3d.cat\/es\/wp-json\/wp\/v2\/pages\/17089\/revisions\/19592"}],"wp:attachment":[{"href":"https:\/\/thinkin3d.cat\/es\/wp-json\/wp\/v2\/media?parent=17089"}],"curies":[{"name":"wp","href":"https:\/\/api.w.org\/{rel}","templated":true}]}}