{"id":16385,"date":"2025-11-27T11:29:36","date_gmt":"2025-11-27T11:29:36","guid":{"rendered":"https:\/\/thinkin3d.cat\/?page_id=16385"},"modified":"2026-03-23T10:13:16","modified_gmt":"2026-03-23T10:13:16","slug":"casos-exito-impresion-3d","status":"publish","type":"page","link":"https:\/\/thinkin3d.cat\/es\/casos-exito-impresion-3d\/","title":{"rendered":"Casos de \u00e9xito"},"content":{"rendered":"<div class=\"wp-bootstrap-blocks-container container-fluid mb-0 bg-gray\">\n\t\n<div class=\"wp-bootstrap-blocks-container container mb-0 has-padding-169\">\n\t\n\n<h1 class=\"wp-block-heading has-text-align-center h3\">Casos de \u00e9xito en Impresi\u00f3n 3D: Soluciones Reales para Empresas<\/h1>\n\n\n\n<div style=\"height:20px\" aria-hidden=\"true\" class=\"wp-block-spacer\"><\/div>\n\n\n\n<p class=\"has-text-align-center\">Descubre los <strong>casos de \u00e9xito de impresi\u00f3n 3D<\/strong> que hemos desarrollado con empresas y profesionales. Adem\u00e1s, ver\u00e1s c\u00f3mo, mediante <strong>proyectos personalizados<\/strong>, transformamos ideas en soluciones reales y eficientes. En resumen, nuestra experiencia demuestra el potencial de la <strong>fabricaci\u00f3n aditiva<\/strong> para optimizar tiempo, costes y calidad.<\/p>\n\n\n\n<div style=\"height:20px\" aria-hidden=\"true\" class=\"wp-block-spacer\"><\/div>\n\n\n\n<div class=\"wp-block-buttons is-content-justification-center is-layout-flex wp-container-core-buttons-is-layout-16018d1d wp-block-buttons-is-layout-flex\">\n<div class=\"wp-block-button red\"><a class=\"wp-block-button__link has-text-align-center wp-element-button\" href=\"https:\/\/thinkin3d.cat\/es\/contacto\/\">Te ofrecemos asesoramiento gratuito<\/a><\/div>\n<\/div>\n\n\n\n<div style=\"height:75px\" aria-hidden=\"true\" class=\"wp-block-spacer\"><\/div>\n\n<\/div>\n\n<\/div>\n\n\n<div class=\"wp-bootstrap-blocks-container container-fluid mb-0 bg-gray-light\">\n\t\n<div class=\"wp-bootstrap-blocks-container container mb-0 block-programs-home\">\n\t\n<div class=\"wp-bootstrap-blocks-row row\">\n\t\n\n<div class=\"col-12 col-md-12 col-lg-12\">\n\t\t\t\n\n<div class=\"wp-block-columns is-layout-flex wp-container-core-columns-is-layout-9d6595d7 wp-block-columns-is-layout-flex\">\n<div class=\"wp-block-column d-flex flex-column is-layout-flow wp-block-column-is-layout-flow\">\n<figure class=\"wp-block-embed is-type-video is-provider-youtube wp-block-embed-youtube wp-embed-aspect-16-9 wp-has-aspect-ratio\"><div class=\"wp-block-embed__wrapper\">\n<iframe loading=\"lazy\" title=\"ThinkIn 3D Matar\u00f3: L\u2019acceleradora de Fabricaci\u00f3 Additiva del TecnoCampus\" width=\"640\" height=\"360\" src=\"https:\/\/www.youtube.com\/embed\/Ky12Xm6gCBw?feature=oembed\" frameborder=\"0\" allow=\"accelerometer; autoplay; clipboard-write; encrypted-media; gyroscope; picture-in-picture; web-share\" referrerpolicy=\"strict-origin-when-cross-origin\" allowfullscreen><\/iframe>\n<\/div><\/figure>\n\n\n\n<h3 class=\"wp-block-heading has-text-align-left\">Casos de \u00e9xito destacados &#8211; ThinkIn3D<\/h3>\n\n\n\n<p><strong>Varios clientes, una misma innovaci\u00f3n<\/strong><\/p>\n\n\n\n<p>En este v\u00eddeo, ver\u00e1s c\u00f3mo ThinkIn3D <strong>transforma ideas en soluciones reales<\/strong>. As\u00ed, un taller mec\u00e1nico fabrica <strong>piezas descatalogadas<\/strong>, mientras una empresa de peluquer\u00eda profesional crea <strong>productos \u00fanicos<\/strong>, y una compa\u00f1\u00eda acelera el <strong>paso del prototipo al lanzamiento<\/strong> con tiradas cortas. En resumen, tres ejemplos que demuestran la eficiencia y flexibilidad de la impresi\u00f3n 3D.<\/p>\n<\/div>\n\n\n\n<div class=\"wp-block-column d-flex flex-column is-layout-flow wp-block-column-is-layout-flow\">\n<figure class=\"wp-block-embed is-type-video is-provider-youtube wp-block-embed-youtube wp-embed-aspect-16-9 wp-has-aspect-ratio\"><div class=\"wp-block-embed__wrapper\">\n<iframe loading=\"lazy\" title=\"Cas d\u2019\u00e8xit ThinkIn 3D - GEMINI\" width=\"640\" height=\"360\" src=\"https:\/\/www.youtube.com\/embed\/X3L2AGjUcA8?feature=oembed\" frameborder=\"0\" allow=\"accelerometer; autoplay; clipboard-write; encrypted-media; gyroscope; picture-in-picture; web-share\" referrerpolicy=\"strict-origin-when-cross-origin\" allowfullscreen><\/iframe>\n<\/div><\/figure>\n\n\n\n<h3 class=\"wp-block-heading has-text-align-left\">Gemini Composites<\/h3>\n\n\n\n<p><strong>Jose Baides &#8211; CEO<\/strong> <strong>de Gemini Composites<\/strong><\/p>\n\n\n\n<p><strong>Gemini Composites <\/strong>ha transformado su proceso de dise\u00f1o y fabricaci\u00f3n gracias a las <strong>soluciones de la impresi\u00f3n 3D<\/strong>. En pocas palabras, se trata de un caso de \u00e9xito real en el que la innovaci\u00f3n y la tecnolog\u00eda se unen para <strong>impulsar la competitividad<\/strong> en el sector industrial.<\/p>\n<\/div>\n<\/div>\n\n\t<\/div>\n\n<\/div>\n\n<\/div>\n\n<\/div>\n\n\n<div class=\"wp-bootstrap-blocks-container container-fluid mb-0 bg-gray-light\">\n\t\n<div class=\"wp-bootstrap-blocks-container container mb-0 block-programs-home\">\n\t\n<div class=\"wp-bootstrap-blocks-row row\">\n\t\n\n<div class=\"col-12 col-md-12 col-lg-12\">\n\t\t\t\n\n<div class=\"wp-block-columns is-layout-flex wp-container-core-columns-is-layout-9d6595d7 wp-block-columns-is-layout-flex\">\n<div class=\"wp-block-column d-flex flex-column is-layout-flow wp-block-column-is-layout-flow\">\n<figure class=\"wp-block-embed is-type-video is-provider-youtube wp-block-embed-youtube wp-embed-aspect-16-9 wp-has-aspect-ratio\"><div class=\"wp-block-embed__wrapper\">\n<iframe loading=\"lazy\" title=\"Vueling i ThinkIn 3D optimitzen la cabina amb impressi\u00f3 3D\" width=\"640\" height=\"360\" src=\"https:\/\/www.youtube.com\/embed\/uXk6-6ZoB2o?feature=oembed\" frameborder=\"0\" allow=\"accelerometer; autoplay; clipboard-write; encrypted-media; gyroscope; picture-in-picture; web-share\" referrerpolicy=\"strict-origin-when-cross-origin\" allowfullscreen><\/iframe>\n<\/div><\/figure>\n\n\n\n<h3 class=\"wp-block-heading has-text-align-left\">Vueling<\/h3>\n\n\n\n<p><strong>Jorge Otero &#8211; Procedures and Standards Manager &amp; Captain<\/strong><\/p>\n\n\n\n<p>Desde 2023, <strong>Vueling y ThinkIn3D colaboran<\/strong> para aplicar <strong>soluciones de impresi\u00f3n 3D<\/strong> que mejoran la eficiencia y la funcionalidad a bordo. Por concretar, se detect\u00f3 que los pilotos no dispon\u00edan de un espacio adecuado para guardar los auriculares. Como resultado, ThinkIn3D dise\u00f1\u00f3 y fabric\u00f3 con<strong> impresi\u00f3n 3D un soporte ergon\u00f3mico y personalizado<\/strong>, que optimiza el espacio y prolonga su vida \u00fatil.<\/p>\n<\/div>\n\n\n\n<div class=\"wp-block-column d-flex flex-column is-layout-flow wp-block-column-is-layout-flow\">\n<figure class=\"wp-block-embed is-type-video is-provider-youtube wp-block-embed-youtube wp-embed-aspect-16-9 wp-has-aspect-ratio\"><div class=\"wp-block-embed__wrapper\">\n<iframe loading=\"lazy\" title=\"Els empleats d\u2019Aig\u00fces de Matar\u00f3 proposen solucions d\u2019alt impacte gr\u00e0cies a la impressi\u00f3 3D\" width=\"640\" height=\"360\" src=\"https:\/\/www.youtube.com\/embed\/uhg51v1tnck?feature=oembed\" frameborder=\"0\" allow=\"accelerometer; autoplay; clipboard-write; encrypted-media; gyroscope; picture-in-picture; web-share\" referrerpolicy=\"strict-origin-when-cross-origin\" allowfullscreen><\/iframe>\n<\/div><\/figure>\n\n\n\n<h3 class=\"wp-block-heading has-text-align-left\">Aig\u00fces de Matar\u00f3<\/h3>\n\n\n\n<p><strong>Francesc Codony &#8211; Responsable Gestion de Calidad<\/strong><\/p>\n\n\n\n<p><strong>Aig\u00fces de Matar\u00f3<\/strong> ha apostado por la <strong>innovaci\u00f3n sostenible<\/strong> mediante la <strong>impresi\u00f3n 3D<\/strong>. Primero, ThinkIn3D present\u00f3 la tecnolog\u00eda, y enseguida, el equipo detect\u00f3 su <strong>potencial para optimizar procesos y reducir residuos<\/strong>. A partir de ah\u00ed, la colaboraci\u00f3n ha permitido desarrollar soluciones personalizadas que <strong>mejoran la eficiencia<\/strong>, <strong>alargan la vida \u00fatil de los equipos y fomentan una gesti\u00f3n m\u00e1s responsable y eco-friendly<\/strong>.<\/p>\n<\/div>\n<\/div>\n\n\t<\/div>\n\n<\/div>\n\n<\/div>\n\n<\/div>\n\n\n<div class=\"wp-bootstrap-blocks-container container-fluid mb-0 bg-gray-light\">\n\t\n<div class=\"wp-bootstrap-blocks-container container mb-0 block-programs-home\">\n\t\n<div class=\"wp-bootstrap-blocks-row row\">\n\t\n\n<div class=\"col-12 col-md-12 col-lg-12\">\n\t\t\t\n\n<div class=\"wp-block-columns is-layout-flex wp-container-core-columns-is-layout-9d6595d7 wp-block-columns-is-layout-flex\">\n<div class=\"wp-block-column d-flex flex-column is-layout-flow wp-block-column-is-layout-flow\">\n<figure class=\"wp-block-embed is-type-video is-provider-youtube wp-block-embed-youtube wp-embed-aspect-16-9 wp-has-aspect-ratio\"><div class=\"wp-block-embed__wrapper\">\n<iframe loading=\"lazy\" title=\"Testimoni de l\u2019acceleradora Thinkin3D\" width=\"640\" height=\"360\" src=\"https:\/\/www.youtube.com\/embed\/XQ5dc_OcxvM?feature=oembed\" frameborder=\"0\" allow=\"accelerometer; autoplay; clipboard-write; encrypted-media; gyroscope; picture-in-picture; web-share\" referrerpolicy=\"strict-origin-when-cross-origin\" allowfullscreen><\/iframe>\n<\/div><\/figure>\n\n\n\n<h3 class=\"wp-block-heading has-text-align-left\">Coresys Health<\/h3>\n\n\n\n<p><strong>Oriol S\u00e1nchez &#8211; Quality Manager<\/strong><\/p>\n\n\n\n<p>Coresys Health confi\u00f3 en ThinkIn3D para <strong>innovar en el desarrollo<\/strong> de productos. As\u00ed, crearon un <strong>prototipo funcional muy r\u00e1pidamente<\/strong> y recibieron soporte en la selecci\u00f3n de materiales, procesos y dise\u00f1o, lo que agiliz\u00f3 el desarrollo y asegur\u00f3 un producto final eficiente y <strong>adaptado a sus necesidades<\/strong>.<\/p>\n<\/div>\n\n\n\n<div class=\"wp-block-column d-flex flex-column is-layout-flow wp-block-column-is-layout-flow\">\n<figure class=\"wp-block-embed is-type-video is-provider-youtube wp-block-embed-youtube wp-embed-aspect-16-9 wp-has-aspect-ratio\"><div class=\"wp-block-embed__wrapper\">\n<iframe loading=\"lazy\" title=\"Presentaci\u00f3 ThinkIn 3D Matar\u00f3 - Acceleradora de Fabricaci\u00f3 Additiva del TecnoCampus\" width=\"640\" height=\"360\" src=\"https:\/\/www.youtube.com\/embed\/1DhAr9G1rTw?list=PLVCTls8K7yVmr3EZSKGMx5ME-vr48oRDV\" frameborder=\"0\" allow=\"accelerometer; autoplay; clipboard-write; encrypted-media; gyroscope; picture-in-picture; web-share\" referrerpolicy=\"strict-origin-when-cross-origin\" allowfullscreen><\/iframe>\n<\/div><\/figure>\n\n\n\n<h3 class=\"wp-block-heading has-text-align-left\">Utilidades reales destacadas &#8211; ThinkIn3D<\/h3>\n\n\n\n<p><strong><strong><strong>Varios clientes, una misma innovaci\u00f3n<\/strong><\/strong><\/strong><\/p>\n\n\n\n<p>Descubre c\u00f3mo ThinkIn3D aplica la tecnolog\u00eda 3D para <strong>mejorar la eficiencia<\/strong> y <strong>optimizar procesos<\/strong> en empresas de sectores diversos. As\u00ed, cada proyecto se adapta a necesidades concretas, mientras se <strong>reducen tiempo y costes<\/strong>. En resumen, transformamos ideas en soluciones reales y eficientes.<\/p>\n<\/div>\n<\/div>\n\n\t<\/div>\n\n<\/div>\n\n<\/div>\n\n<\/div>\n\n\n\n<div style=\"height:50px\" aria-hidden=\"true\" class=\"wp-block-spacer\"><\/div>\n\n\n\n<div class=\"wp-block-group\"><div class=\"wp-block-group__inner-container is-layout-constrained wp-block-group-is-layout-constrained\">\n<p class=\"has-text-align-center\"><strong>\u00bfQuieres convertir tu proyecto en un caso de \u00e9xito? Cont\u00e1ctanos y te asesoramos.<\/strong><\/p>\n\n\n\n<div style=\"height:20px\" aria-hidden=\"true\" class=\"wp-block-spacer\"><\/div>\n\n\n\n<div class=\"wp-block-buttons is-content-justification-center is-layout-flex wp-container-core-buttons-is-layout-16018d1d wp-block-buttons-is-layout-flex\">\n<div class=\"wp-block-button red\"><a class=\"wp-block-button__link has-text-align-center wp-element-button\" href=\"https:\/\/thinkin3d.cat\/es\/contacto\/\">Asesoramiento gratuito<\/a><\/div>\n<\/div>\n\n\n\n<div style=\"height:75px\" aria-hidden=\"true\" class=\"wp-block-spacer\"><\/div>\n<\/div><\/div>\n","protected":false},"excerpt":{"rendered":"<p>\u00bfQuieres convertir tu proyecto en un caso de \u00e9xito? Cont\u00e1ctanos y te asesoramos.<\/p>\n","protected":false},"author":10,"featured_media":0,"parent":0,"menu_order":0,"comment_status":"closed","ping_status":"closed","template":"","meta":{"_acf_changed":false,"_eb_attr":"","footnotes":""},"class_list":["post-16385","page","type-page","status-publish","hentry"],"acf":[],"yoast_head":"<!-- This site is optimized with the Yoast SEO plugin v27.4 - https:\/\/yoast.com\/product\/yoast-seo-wordpress\/ -->\n<title>Casos de \u00e9xito impresi\u00f3n 3D | Thinkin3D<\/title>\n<meta name=\"description\" content=\"Descubre casos de \u00e9xito reales de impresi\u00f3n 3D: soluciones innovadoras, sostenibles y personalizadas que generan resultados.\" \/>\n<meta name=\"robots\" content=\"index, follow, max-snippet:-1, max-image-preview:large, max-video-preview:-1\" \/>\n<link rel=\"canonical\" href=\"https:\/\/thinkin3d.cat\/es\/casos-exito-impresion-3d\/\" \/>\n<meta property=\"og:locale\" content=\"es_ES\" \/>\n<meta property=\"og:type\" content=\"article\" \/>\n<meta property=\"og:title\" content=\"Casos de \u00e9xito impresi\u00f3n 3D | Thinkin3D\" \/>\n<meta property=\"og:description\" content=\"Descubre casos de \u00e9xito reales de impresi\u00f3n 3D: soluciones innovadoras, sostenibles y personalizadas que generan resultados.\" \/>\n<meta property=\"og:url\" content=\"https:\/\/thinkin3d.cat\/es\/casos-exito-impresion-3d\/\" \/>\n<meta property=\"og:site_name\" content=\"Thinkin3D\" \/>\n<meta property=\"article:modified_time\" content=\"2026-03-23T10:13:16+00:00\" \/>\n<meta name=\"twitter:card\" content=\"summary_large_image\" \/>\n<meta name=\"twitter:label1\" content=\"Tiempo de lectura\" \/>\n\t<meta name=\"twitter:data1\" content=\"3 minutos\" \/>\n<script type=\"application\/ld+json\" class=\"yoast-schema-graph\">{\"@context\":\"https:\\\/\\\/schema.org\",\"@graph\":[{\"@type\":\"WebPage\",\"@id\":\"https:\\\/\\\/thinkin3d.cat\\\/es\\\/casos-exito-impresion-3d\\\/\",\"url\":\"https:\\\/\\\/thinkin3d.cat\\\/es\\\/casos-exito-impresion-3d\\\/\",\"name\":\"Casos de \u00e9xito impresi\u00f3n 3D | Thinkin3D\",\"isPartOf\":{\"@id\":\"https:\\\/\\\/thinkin3d.cat\\\/es\\\/#website\"},\"datePublished\":\"2025-11-27T11:29:36+00:00\",\"dateModified\":\"2026-03-23T10:13:16+00:00\",\"description\":\"Descubre casos de \u00e9xito reales de impresi\u00f3n 3D: soluciones innovadoras, sostenibles y personalizadas que generan resultados.\",\"breadcrumb\":{\"@id\":\"https:\\\/\\\/thinkin3d.cat\\\/es\\\/casos-exito-impresion-3d\\\/#breadcrumb\"},\"inLanguage\":\"es\",\"potentialAction\":[{\"@type\":\"ReadAction\",\"target\":[\"https:\\\/\\\/thinkin3d.cat\\\/es\\\/casos-exito-impresion-3d\\\/\"]}]},{\"@type\":\"BreadcrumbList\",\"@id\":\"https:\\\/\\\/thinkin3d.cat\\\/es\\\/casos-exito-impresion-3d\\\/#breadcrumb\",\"itemListElement\":[{\"@type\":\"ListItem\",\"position\":1,\"name\":\"Home\",\"item\":\"https:\\\/\\\/thinkin3d.cat\\\/es\\\/\"},{\"@type\":\"ListItem\",\"position\":2,\"name\":\"Casos de \u00e9xito\"}]},{\"@type\":\"WebSite\",\"@id\":\"https:\\\/\\\/thinkin3d.cat\\\/es\\\/#website\",\"url\":\"https:\\\/\\\/thinkin3d.cat\\\/es\\\/\",\"name\":\"ThinkIn3D\",\"description\":\"Benvinguts\\\/des al web de ThinkIn 3D, l&#039;acceleradora de fabricaci\u00f3 additiva del TecnoCampus, un projecte impulsat per l&#039;Ajuntament de Matar\u00f3 amb col\u00b7laboraci\u00f3 de la Uni\u00f3 Europea i la Fundaci\u00f3 INCYDE, membre de IAT.\",\"publisher\":{\"@id\":\"https:\\\/\\\/thinkin3d.cat\\\/es\\\/#organization\"},\"potentialAction\":[{\"@type\":\"SearchAction\",\"target\":{\"@type\":\"EntryPoint\",\"urlTemplate\":\"https:\\\/\\\/thinkin3d.cat\\\/es\\\/?s={search_term_string}\"},\"query-input\":{\"@type\":\"PropertyValueSpecification\",\"valueRequired\":true,\"valueName\":\"search_term_string\"}}],\"inLanguage\":\"es\"},{\"@type\":\"Organization\",\"@id\":\"https:\\\/\\\/thinkin3d.cat\\\/es\\\/#organization\",\"name\":\"ThinkIn3D\",\"url\":\"https:\\\/\\\/thinkin3d.cat\\\/es\\\/\",\"logo\":{\"@type\":\"ImageObject\",\"inLanguage\":\"es\",\"@id\":\"https:\\\/\\\/thinkin3d.cat\\\/es\\\/#\\\/schema\\\/logo\\\/image\\\/\",\"url\":\"https:\\\/\\\/thinkin3d.cat\\\/wp-content\\\/uploads\\\/2023\\\/03\\\/cropped-Favicon-Thinkin.png\",\"contentUrl\":\"https:\\\/\\\/thinkin3d.cat\\\/wp-content\\\/uploads\\\/2023\\\/03\\\/cropped-Favicon-Thinkin.png\",\"width\":512,\"height\":512,\"caption\":\"ThinkIn3D\"},\"image\":{\"@id\":\"https:\\\/\\\/thinkin3d.cat\\\/es\\\/#\\\/schema\\\/logo\\\/image\\\/\"}}]}<\/script>\n<!-- \/ Yoast SEO plugin. -->","yoast_head_json":{"title":"Casos de \u00e9xito impresi\u00f3n 3D | Thinkin3D","description":"Descubre casos de \u00e9xito reales de impresi\u00f3n 3D: soluciones innovadoras, sostenibles y personalizadas que generan resultados.","robots":{"index":"index","follow":"follow","max-snippet":"max-snippet:-1","max-image-preview":"max-image-preview:large","max-video-preview":"max-video-preview:-1"},"canonical":"https:\/\/thinkin3d.cat\/es\/casos-exito-impresion-3d\/","og_locale":"es_ES","og_type":"article","og_title":"Casos de \u00e9xito impresi\u00f3n 3D | Thinkin3D","og_description":"Descubre casos de \u00e9xito reales de impresi\u00f3n 3D: soluciones innovadoras, sostenibles y personalizadas que generan resultados.","og_url":"https:\/\/thinkin3d.cat\/es\/casos-exito-impresion-3d\/","og_site_name":"Thinkin3D","article_modified_time":"2026-03-23T10:13:16+00:00","twitter_card":"summary_large_image","twitter_misc":{"Tiempo de lectura":"3 minutos"},"schema":{"@context":"https:\/\/schema.org","@graph":[{"@type":"WebPage","@id":"https:\/\/thinkin3d.cat\/es\/casos-exito-impresion-3d\/","url":"https:\/\/thinkin3d.cat\/es\/casos-exito-impresion-3d\/","name":"Casos de \u00e9xito impresi\u00f3n 3D | Thinkin3D","isPartOf":{"@id":"https:\/\/thinkin3d.cat\/es\/#website"},"datePublished":"2025-11-27T11:29:36+00:00","dateModified":"2026-03-23T10:13:16+00:00","description":"Descubre casos de \u00e9xito reales de impresi\u00f3n 3D: soluciones innovadoras, sostenibles y personalizadas que generan resultados.","breadcrumb":{"@id":"https:\/\/thinkin3d.cat\/es\/casos-exito-impresion-3d\/#breadcrumb"},"inLanguage":"es","potentialAction":[{"@type":"ReadAction","target":["https:\/\/thinkin3d.cat\/es\/casos-exito-impresion-3d\/"]}]},{"@type":"BreadcrumbList","@id":"https:\/\/thinkin3d.cat\/es\/casos-exito-impresion-3d\/#breadcrumb","itemListElement":[{"@type":"ListItem","position":1,"name":"Home","item":"https:\/\/thinkin3d.cat\/es\/"},{"@type":"ListItem","position":2,"name":"Casos de \u00e9xito"}]},{"@type":"WebSite","@id":"https:\/\/thinkin3d.cat\/es\/#website","url":"https:\/\/thinkin3d.cat\/es\/","name":"ThinkIn3D","description":"Benvinguts\/des al web de ThinkIn 3D, l&#039;acceleradora de fabricaci\u00f3 additiva del TecnoCampus, un projecte impulsat per l&#039;Ajuntament de Matar\u00f3 amb col\u00b7laboraci\u00f3 de la Uni\u00f3 Europea i la Fundaci\u00f3 INCYDE, membre de IAT.","publisher":{"@id":"https:\/\/thinkin3d.cat\/es\/#organization"},"potentialAction":[{"@type":"SearchAction","target":{"@type":"EntryPoint","urlTemplate":"https:\/\/thinkin3d.cat\/es\/?s={search_term_string}"},"query-input":{"@type":"PropertyValueSpecification","valueRequired":true,"valueName":"search_term_string"}}],"inLanguage":"es"},{"@type":"Organization","@id":"https:\/\/thinkin3d.cat\/es\/#organization","name":"ThinkIn3D","url":"https:\/\/thinkin3d.cat\/es\/","logo":{"@type":"ImageObject","inLanguage":"es","@id":"https:\/\/thinkin3d.cat\/es\/#\/schema\/logo\/image\/","url":"https:\/\/thinkin3d.cat\/wp-content\/uploads\/2023\/03\/cropped-Favicon-Thinkin.png","contentUrl":"https:\/\/thinkin3d.cat\/wp-content\/uploads\/2023\/03\/cropped-Favicon-Thinkin.png","width":512,"height":512,"caption":"ThinkIn3D"},"image":{"@id":"https:\/\/thinkin3d.cat\/es\/#\/schema\/logo\/image\/"}}]}},"_links":{"self":[{"href":"https:\/\/thinkin3d.cat\/es\/wp-json\/wp\/v2\/pages\/16385","targetHints":{"allow":["GET"]}}],"collection":[{"href":"https:\/\/thinkin3d.cat\/es\/wp-json\/wp\/v2\/pages"}],"about":[{"href":"https:\/\/thinkin3d.cat\/es\/wp-json\/wp\/v2\/types\/page"}],"author":[{"embeddable":true,"href":"https:\/\/thinkin3d.cat\/es\/wp-json\/wp\/v2\/users\/10"}],"replies":[{"embeddable":true,"href":"https:\/\/thinkin3d.cat\/es\/wp-json\/wp\/v2\/comments?post=16385"}],"version-history":[{"count":7,"href":"https:\/\/thinkin3d.cat\/es\/wp-json\/wp\/v2\/pages\/16385\/revisions"}],"predecessor-version":[{"id":19276,"href":"https:\/\/thinkin3d.cat\/es\/wp-json\/wp\/v2\/pages\/16385\/revisions\/19276"}],"wp:attachment":[{"href":"https:\/\/thinkin3d.cat\/es\/wp-json\/wp\/v2\/media?parent=16385"}],"curies":[{"name":"wp","href":"https:\/\/api.w.org\/{rel}","templated":true}]}}