{"id":5241,"date":"2023-02-17T14:21:29","date_gmt":"2023-02-17T14:21:29","guid":{"rendered":"https:\/\/thinkin3d.cat\/?page_id=5241"},"modified":"2025-11-24T09:23:07","modified_gmt":"2025-11-24T09:23:07","slug":"contact","status":"publish","type":"page","link":"https:\/\/thinkin3d.cat\/en\/contact\/","title":{"rendered":"Contact"},"content":{"rendered":"<div class=\"wp-bootstrap-blocks-container container-fluid mb-0 p-0 container-programas container-contact\">\n\t\n<div class=\"wp-bootstrap-blocks-row row gx-0\">\n\t\n\n<div class=\"col-12 col-md-6 bg-gray-light container-programs-left \">\n\t\t\t\n<div class=\"wp-bootstrap-blocks-container container mb-0\">\n\t\n<div class=\"wp-bootstrap-blocks-row row\">\n\t\n\n<div class=\"col-12 col-xl-3\">\n\t\t\t\t<\/div>\n\n\n\n<div class=\"col-12 col-xl-9 pe-md-5 container-contact-left\">\n\t\t\t\n\n<figure class=\"wp-block-image size-full m-100 text-sm-center text-md-start contact-logo\"><img loading=\"lazy\" decoding=\"async\" width=\"240\" height=\"149\" src=\"https:\/\/thinkin3d.cat\/wp-content\/uploads\/2023\/02\/logo.webp\" alt=\"ThinkIn3D Logo Contact\" class=\"wp-image-774\"\/><\/figure>\n\n\n\n<figure class=\"wp-block-image size-full is-resized block-contact-icons\"><img loading=\"lazy\" decoding=\"async\" width=\"100\" height=\"75\" src=\"https:\/\/thinkin3d.cat\/wp-content\/uploads\/2023\/02\/icon_mail_alt.webp\" alt=\"Icono mail contacto\" class=\"wp-image-777\" style=\"width:32px;height:24px\"\/><figcaption class=\"wp-element-caption\"><a href=\"mailto:thinkin3d@tecnocampus.cat\" target=\"_blank\" rel=\"noreferrer noopener\">thinkin3d@tecnocampus.cat<\/a><\/figcaption><\/figure>\n\n\n\n<figure class=\"wp-block-image size-full is-resized block-contact-icons\"><img loading=\"lazy\" decoding=\"async\" width=\"70\" height=\"100\" src=\"https:\/\/thinkin3d.cat\/wp-content\/uploads\/2023\/02\/icon_pin_alt.webp\" alt=\"\" class=\"wp-image-783\" style=\"width:22px;height:32px\"\/><figcaption class=\"wp-element-caption\">&nbsp;C\/ Jaume Vicen\u00e7 Vives 22 Edifici El Rengle, planta 1a porta 2a, 08302 Matar\u00f3.<\/figcaption><\/figure>\n\n\t<\/div>\n\n<\/div>\n\n<\/div>\n\n\t<\/div>\n\n\n\n<div class=\"col-12 col-md-6 bg-gray-black opacity-90 container-programs-right\">\n\t\t\t\n<div class=\"wp-bootstrap-blocks-container container mb-0\">\n\t\n<div class=\"wp-bootstrap-blocks-row row\">\n\t\n\n<div class=\"col-12 col-lg-12 container-programs-right-bottom\">\n\t\t\t\n\n<h1 class=\"wp-block-heading mt-80 h2 title-contact\"><strong>How can we help you?<\/strong><\/h1>\n\n\n\n<div class=\"wp-block-columns is-layout-flex wp-container-core-columns-is-layout-9d6595d7 wp-block-columns-is-layout-flex\">\n<div class=\"wp-block-column is-layout-flow wp-block-column-is-layout-flow\" style=\"flex-basis:66.66%\" id=\"contact-form\">\n<div class=\"wp-block-contact-form-7-contact-form-selector\">\n<div class=\"wpcf7 no-js\" id=\"wpcf7-f772-o1\" lang=\"ca\" dir=\"ltr\" data-wpcf7-id=\"772\">\n<div class=\"screen-reader-response\"><p role=\"status\" aria-live=\"polite\" aria-atomic=\"true\"><\/p> <ul><\/ul><\/div>\n<form action=\"\/en\/wp-json\/wp\/v2\/pages\/5241#wpcf7-f772-o1\" method=\"post\" class=\"wpcf7-form init\" aria-label=\"Formulari de contacte\" novalidate=\"novalidate\" data-status=\"init\">\n<fieldset class=\"hidden-fields-container\"><input type=\"hidden\" name=\"_wpcf7\" value=\"772\" \/><input type=\"hidden\" name=\"_wpcf7_version\" value=\"6.1.5\" \/><input type=\"hidden\" name=\"_wpcf7_locale\" value=\"ca\" \/><input type=\"hidden\" name=\"_wpcf7_unit_tag\" value=\"wpcf7-f772-o1\" \/><input type=\"hidden\" name=\"_wpcf7_container_post\" value=\"0\" \/><input type=\"hidden\" name=\"_wpcf7_posted_data_hash\" value=\"\" \/><input type=\"hidden\" name=\"_wpcf7_recaptcha_response\" value=\"\" \/>\n<\/fieldset>\n<input class=\"wpcf7-form-control wpcf7-hidden\" value=\"Formulario Contacto\" type=\"hidden\" name=\"your-subject\" \/>\n<div class=\"container-fluid\">\n\t<div class=\"row\">\n\t\t<div class=\"col-lg-12 p-0\">\n\t\t\t<p><span class=\"wpcf7-form-control-wrap\" data-name=\"your-name\"><input size=\"40\" maxlength=\"400\" class=\"wpcf7-form-control wpcf7-text wpcf7-validates-as-required\" aria-required=\"true\" aria-invalid=\"false\" placeholder=\"Nom\" value=\"\" type=\"text\" name=\"your-name\" \/><\/span>\n\t\t\t<\/p>\n\t\t<\/div>\n\t\t<div class=\"col-lg-12 p-0\">\n\t\t\t<p><span class=\"wpcf7-form-control-wrap\" data-name=\"your-company\"><input size=\"40\" maxlength=\"400\" class=\"wpcf7-form-control wpcf7-text wpcf7-validates-as-required\" aria-required=\"true\" aria-invalid=\"false\" placeholder=\"Companyia\" value=\"\" type=\"text\" name=\"your-company\" \/><\/span>\n\t\t\t<\/p>\n\t\t<\/div>\n\t\t<div class=\"col-lg-12 p-0\">\n\t\t\t<p><span class=\"wpcf7-form-control-wrap\" data-name=\"your-email\"><input size=\"40\" maxlength=\"400\" class=\"wpcf7-form-control wpcf7-email wpcf7-validates-as-required wpcf7-text wpcf7-validates-as-email\" aria-required=\"true\" aria-invalid=\"false\" placeholder=\"Correu electr\u00f2nic\" value=\"\" type=\"email\" name=\"your-email\" \/><\/span>\n\t\t\t<\/p>\n\t\t<\/div>\n\t\t<div class=\"col-lg-12 p-0\">\n\t\t\t<p><span class=\"wpcf7-form-control-wrap\" data-name=\"your-phone\"><input size=\"40\" maxlength=\"400\" class=\"wpcf7-form-control wpcf7-tel wpcf7-validates-as-required wpcf7-text wpcf7-validates-as-tel\" aria-required=\"true\" aria-invalid=\"false\" placeholder=\"Tel\u00e8fon\" value=\"\" type=\"tel\" name=\"your-phone\" \/><\/span>\n\t\t\t<\/p>\n\t\t<\/div>\n\t\t<div class=\"col-lg-12 p-0\">\n\t\t\t<p><span class=\"wpcf7-form-control-wrap\" data-name=\"your-message\"><textarea cols=\"40\" rows=\"10\" maxlength=\"2000\" class=\"wpcf7-form-control wpcf7-textarea\" aria-invalid=\"false\" placeholder=\"Missatge\" name=\"your-message\"><\/textarea><\/span>\n\t\t\t<\/p>\n\t\t<\/div>\n\t\t<div class=\"col-lg-12 p-0\">\n\t\t\t<p><span class=\"wpcf7-form-control-wrap\" data-name=\"accept-conditions\"><span class=\"wpcf7-form-control wpcf7-acceptance\"><span class=\"wpcf7-list-item\"><label><input type=\"checkbox\" name=\"accept-conditions\" value=\"1\" class=\"checkbox\" aria-invalid=\"false\" \/><span class=\"wpcf7-list-item-label\">Accepto la pol\u00edtica de <a target=\"_blank\" href=\"https:\/\/www.tecnocampus.cat\/es\/politica-de-privacitat\">privadesa de la p\u00e0gina<\/a><\/span><\/label><\/span><\/span><\/span>\n\t\t\t<\/p>\n\t\t<\/div>\n\t\t<div class=\"col-lg-12 p-0 checkbox-newsletter\">\n\t\t\t<p><span class=\"wpcf7-form-control-wrap\" data-name=\"newsletter\"><span class=\"wpcf7-form-control wpcf7-checkbox checkbox\"><span class=\"wpcf7-list-item first last\"><label><input type=\"checkbox\" name=\"newsletter[]\" value=\"Vull rebre la newsletter\" \/><span class=\"wpcf7-list-item-label\">Vull rebre la newsletter<\/span><\/label><\/span><\/span><\/span>\n\t\t\t<\/p>\n\t\t<\/div>\n\t\t<div class=\"col-lg-12 p-0\">\n\t\t\t<p><input class=\"wpcf7-form-control wpcf7-submit has-spinner btn-red\" type=\"submit\" value=\"ENVIAR\" \/>\n\t\t\t<\/p>\n\t\t<\/div>\n\t<\/div>\n<\/div><p style=\"display: none !important;\" class=\"akismet-fields-container\" data-prefix=\"_wpcf7_ak_\"><label>&#916;<textarea name=\"_wpcf7_ak_hp_textarea\" cols=\"45\" rows=\"8\" maxlength=\"100\"><\/textarea><\/label><input type=\"hidden\" id=\"ak_js_1\" name=\"_wpcf7_ak_js\" value=\"128\"\/><script>document.getElementById( \"ak_js_1\" ).setAttribute( \"value\", ( new Date() ).getTime() );<\/script><\/p><div class=\"wpcf7-response-output\" aria-hidden=\"true\"><\/div>\n<\/form>\n<\/div>\n<\/div>\n<\/div>\n\n\n\n<div class=\"wp-block-column is-layout-flow wp-block-column-is-layout-flow\" style=\"flex-basis:33.33%\"><\/div>\n<\/div>\n\n\t<\/div>\n\n<\/div>\n\n<\/div>\n\n\t<\/div>\n\n<\/div>\n\n<\/div>\n","protected":false},"excerpt":{"rendered":"","protected":false},"author":7,"featured_media":0,"parent":0,"menu_order":0,"comment_status":"closed","ping_status":"closed","template":"","meta":{"_acf_changed":false,"_eb_attr":"","footnotes":""},"class_list":["post-5241","page","type-page","status-publish","hentry"],"acf":[],"yoast_head":"<!-- This site is optimized with the Yoast SEO plugin v27.2 - https:\/\/yoast.com\/product\/yoast-seo-wordpress\/ -->\n<title>Contact | Thinkin3D<\/title>\n<meta name=\"description\" content=\"Do you need help implementing additive manufacturing technologies in your business? Contact us and see how we can help you.\" \/>\n<meta name=\"robots\" content=\"index, follow, max-snippet:-1, max-image-preview:large, max-video-preview:-1\" \/>\n<link rel=\"canonical\" href=\"https:\/\/thinkin3d.cat\/en\/contact\/\" \/>\n<meta property=\"og:locale\" content=\"en_US\" \/>\n<meta property=\"og:type\" content=\"article\" \/>\n<meta property=\"og:title\" content=\"Contact | Thinkin3D\" \/>\n<meta property=\"og:description\" content=\"Do you need help implementing additive manufacturing technologies in your business? Contact us and see how we can help you.\" \/>\n<meta property=\"og:url\" content=\"https:\/\/thinkin3d.cat\/en\/contact\/\" \/>\n<meta property=\"og:site_name\" content=\"Thinkin3D\" \/>\n<meta property=\"article:modified_time\" content=\"2025-11-24T09:23:07+00:00\" \/>\n<meta property=\"og:image\" content=\"https:\/\/thinkin3d.cat\/wp-content\/uploads\/2023\/02\/logo.webp\" \/>\n\t<meta property=\"og:image:width\" content=\"240\" \/>\n\t<meta property=\"og:image:height\" content=\"149\" \/>\n\t<meta property=\"og:image:type\" content=\"image\/webp\" \/>\n<meta name=\"twitter:card\" content=\"summary_large_image\" \/>\n<meta name=\"twitter:label1\" content=\"Est. reading time\" \/>\n\t<meta name=\"twitter:data1\" content=\"1 minute\" \/>\n<script type=\"application\/ld+json\" class=\"yoast-schema-graph\">{\"@context\":\"https:\/\/schema.org\",\"@graph\":[{\"@type\":\"WebPage\",\"@id\":\"https:\/\/thinkin3d.cat\/en\/contact\/\",\"url\":\"https:\/\/thinkin3d.cat\/en\/contact\/\",\"name\":\"Contact | Thinkin3D\",\"isPartOf\":{\"@id\":\"https:\/\/thinkin3d.cat\/en\/#website\"},\"primaryImageOfPage\":{\"@id\":\"https:\/\/thinkin3d.cat\/en\/contact\/#primaryimage\"},\"image\":{\"@id\":\"https:\/\/thinkin3d.cat\/en\/contact\/#primaryimage\"},\"thumbnailUrl\":\"https:\/\/thinkin3d.cat\/wp-content\/uploads\/2023\/02\/logo.webp\",\"datePublished\":\"2023-02-17T14:21:29+00:00\",\"dateModified\":\"2025-11-24T09:23:07+00:00\",\"description\":\"Do you need help implementing additive manufacturing technologies in your business? Contact us and see how we can help you.\",\"breadcrumb\":{\"@id\":\"https:\/\/thinkin3d.cat\/en\/contact\/#breadcrumb\"},\"inLanguage\":\"en-US\",\"potentialAction\":[{\"@type\":\"ReadAction\",\"target\":[\"https:\/\/thinkin3d.cat\/en\/contact\/\"]}]},{\"@type\":\"ImageObject\",\"inLanguage\":\"en-US\",\"@id\":\"https:\/\/thinkin3d.cat\/en\/contact\/#primaryimage\",\"url\":\"https:\/\/thinkin3d.cat\/wp-content\/uploads\/2023\/02\/logo.webp\",\"contentUrl\":\"https:\/\/thinkin3d.cat\/wp-content\/uploads\/2023\/02\/logo.webp\"},{\"@type\":\"BreadcrumbList\",\"@id\":\"https:\/\/thinkin3d.cat\/en\/contact\/#breadcrumb\",\"itemListElement\":[{\"@type\":\"ListItem\",\"position\":1,\"name\":\"Home\",\"item\":\"https:\/\/thinkin3d.cat\/en\/\"},{\"@type\":\"ListItem\",\"position\":2,\"name\":\"Contact\"}]},{\"@type\":\"WebSite\",\"@id\":\"https:\/\/thinkin3d.cat\/en\/#website\",\"url\":\"https:\/\/thinkin3d.cat\/en\/\",\"name\":\"ThinkIn3D\",\"description\":\"Benvinguts\/des al web de ThinkIn 3D, l&#039;acceleradora de fabricaci\u00f3 additiva del TecnoCampus, un projecte impulsat per l&#039;Ajuntament de Matar\u00f3 amb col\u00b7laboraci\u00f3 de la Uni\u00f3 Europea i la Fundaci\u00f3 INCYDE, membre de IAT.\",\"publisher\":{\"@id\":\"https:\/\/thinkin3d.cat\/en\/#organization\"},\"potentialAction\":[{\"@type\":\"SearchAction\",\"target\":{\"@type\":\"EntryPoint\",\"urlTemplate\":\"https:\/\/thinkin3d.cat\/en\/?s={search_term_string}\"},\"query-input\":{\"@type\":\"PropertyValueSpecification\",\"valueRequired\":true,\"valueName\":\"search_term_string\"}}],\"inLanguage\":\"en-US\"},{\"@type\":\"Organization\",\"@id\":\"https:\/\/thinkin3d.cat\/en\/#organization\",\"name\":\"ThinkIn3D\",\"url\":\"https:\/\/thinkin3d.cat\/en\/\",\"logo\":{\"@type\":\"ImageObject\",\"inLanguage\":\"en-US\",\"@id\":\"https:\/\/thinkin3d.cat\/en\/#\/schema\/logo\/image\/\",\"url\":\"https:\/\/thinkin3d.cat\/wp-content\/uploads\/2023\/03\/cropped-Favicon-Thinkin.png\",\"contentUrl\":\"https:\/\/thinkin3d.cat\/wp-content\/uploads\/2023\/03\/cropped-Favicon-Thinkin.png\",\"width\":512,\"height\":512,\"caption\":\"ThinkIn3D\"},\"image\":{\"@id\":\"https:\/\/thinkin3d.cat\/en\/#\/schema\/logo\/image\/\"}}]}<\/script>\n<!-- \/ Yoast SEO plugin. -->","yoast_head_json":{"title":"Contact | Thinkin3D","description":"Do you need help implementing additive manufacturing technologies in your business? Contact us and see how we can help you.","robots":{"index":"index","follow":"follow","max-snippet":"max-snippet:-1","max-image-preview":"max-image-preview:large","max-video-preview":"max-video-preview:-1"},"canonical":"https:\/\/thinkin3d.cat\/en\/contact\/","og_locale":"en_US","og_type":"article","og_title":"Contact | Thinkin3D","og_description":"Do you need help implementing additive manufacturing technologies in your business? Contact us and see how we can help you.","og_url":"https:\/\/thinkin3d.cat\/en\/contact\/","og_site_name":"Thinkin3D","article_modified_time":"2025-11-24T09:23:07+00:00","og_image":[{"width":240,"height":149,"url":"https:\/\/thinkin3d.cat\/wp-content\/uploads\/2023\/02\/logo.webp","type":"image\/webp"}],"twitter_card":"summary_large_image","twitter_misc":{"Est. reading time":"1 minute"},"schema":{"@context":"https:\/\/schema.org","@graph":[{"@type":"WebPage","@id":"https:\/\/thinkin3d.cat\/en\/contact\/","url":"https:\/\/thinkin3d.cat\/en\/contact\/","name":"Contact | Thinkin3D","isPartOf":{"@id":"https:\/\/thinkin3d.cat\/en\/#website"},"primaryImageOfPage":{"@id":"https:\/\/thinkin3d.cat\/en\/contact\/#primaryimage"},"image":{"@id":"https:\/\/thinkin3d.cat\/en\/contact\/#primaryimage"},"thumbnailUrl":"https:\/\/thinkin3d.cat\/wp-content\/uploads\/2023\/02\/logo.webp","datePublished":"2023-02-17T14:21:29+00:00","dateModified":"2025-11-24T09:23:07+00:00","description":"Do you need help implementing additive manufacturing technologies in your business? Contact us and see how we can help you.","breadcrumb":{"@id":"https:\/\/thinkin3d.cat\/en\/contact\/#breadcrumb"},"inLanguage":"en-US","potentialAction":[{"@type":"ReadAction","target":["https:\/\/thinkin3d.cat\/en\/contact\/"]}]},{"@type":"ImageObject","inLanguage":"en-US","@id":"https:\/\/thinkin3d.cat\/en\/contact\/#primaryimage","url":"https:\/\/thinkin3d.cat\/wp-content\/uploads\/2023\/02\/logo.webp","contentUrl":"https:\/\/thinkin3d.cat\/wp-content\/uploads\/2023\/02\/logo.webp"},{"@type":"BreadcrumbList","@id":"https:\/\/thinkin3d.cat\/en\/contact\/#breadcrumb","itemListElement":[{"@type":"ListItem","position":1,"name":"Home","item":"https:\/\/thinkin3d.cat\/en\/"},{"@type":"ListItem","position":2,"name":"Contact"}]},{"@type":"WebSite","@id":"https:\/\/thinkin3d.cat\/en\/#website","url":"https:\/\/thinkin3d.cat\/en\/","name":"ThinkIn3D","description":"Benvinguts\/des al web de ThinkIn 3D, l&#039;acceleradora de fabricaci\u00f3 additiva del TecnoCampus, un projecte impulsat per l&#039;Ajuntament de Matar\u00f3 amb col\u00b7laboraci\u00f3 de la Uni\u00f3 Europea i la Fundaci\u00f3 INCYDE, membre de IAT.","publisher":{"@id":"https:\/\/thinkin3d.cat\/en\/#organization"},"potentialAction":[{"@type":"SearchAction","target":{"@type":"EntryPoint","urlTemplate":"https:\/\/thinkin3d.cat\/en\/?s={search_term_string}"},"query-input":{"@type":"PropertyValueSpecification","valueRequired":true,"valueName":"search_term_string"}}],"inLanguage":"en-US"},{"@type":"Organization","@id":"https:\/\/thinkin3d.cat\/en\/#organization","name":"ThinkIn3D","url":"https:\/\/thinkin3d.cat\/en\/","logo":{"@type":"ImageObject","inLanguage":"en-US","@id":"https:\/\/thinkin3d.cat\/en\/#\/schema\/logo\/image\/","url":"https:\/\/thinkin3d.cat\/wp-content\/uploads\/2023\/03\/cropped-Favicon-Thinkin.png","contentUrl":"https:\/\/thinkin3d.cat\/wp-content\/uploads\/2023\/03\/cropped-Favicon-Thinkin.png","width":512,"height":512,"caption":"ThinkIn3D"},"image":{"@id":"https:\/\/thinkin3d.cat\/en\/#\/schema\/logo\/image\/"}}]}},"_links":{"self":[{"href":"https:\/\/thinkin3d.cat\/en\/wp-json\/wp\/v2\/pages\/5241","targetHints":{"allow":["GET"]}}],"collection":[{"href":"https:\/\/thinkin3d.cat\/en\/wp-json\/wp\/v2\/pages"}],"about":[{"href":"https:\/\/thinkin3d.cat\/en\/wp-json\/wp\/v2\/types\/page"}],"author":[{"embeddable":true,"href":"https:\/\/thinkin3d.cat\/en\/wp-json\/wp\/v2\/users\/7"}],"replies":[{"embeddable":true,"href":"https:\/\/thinkin3d.cat\/en\/wp-json\/wp\/v2\/comments?post=5241"}],"version-history":[{"count":4,"href":"https:\/\/thinkin3d.cat\/en\/wp-json\/wp\/v2\/pages\/5241\/revisions"}],"predecessor-version":[{"id":16520,"href":"https:\/\/thinkin3d.cat\/en\/wp-json\/wp\/v2\/pages\/5241\/revisions\/16520"}],"wp:attachment":[{"href":"https:\/\/thinkin3d.cat\/en\/wp-json\/wp\/v2\/media?parent=5241"}],"curies":[{"name":"wp","href":"https:\/\/api.w.org\/{rel}","templated":true}]}}