{"id":17787,"date":"2025-12-11T09:49:56","date_gmt":"2025-12-11T09:49:56","guid":{"rendered":"https:\/\/thinkin3d.cat\/?page_id=17787"},"modified":"2026-04-16T09:01:36","modified_gmt":"2026-04-16T09:01:36","slug":"3d-business-directory","status":"publish","type":"page","link":"https:\/\/thinkin3d.cat\/en\/3d-business-directory\/","title":{"rendered":"Business directory"},"content":{"rendered":"\n<div class=\"wp-block-cover alignfull is-light wp-duotone-unset-1\" style=\"min-height:600px;aspect-ratio:unset;\"><img loading=\"lazy\" decoding=\"async\" width=\"2000\" height=\"600\" class=\"wp-block-cover__image-background wp-image-19539 size-full\" alt=\"\" src=\"https:\/\/thinkin3d.cat\/wp-content\/uploads\/2026\/04\/Disseny-sense-titol-1.png\" style=\"object-position:100% 50%\" data-object-fit=\"cover\" data-object-position=\"100% 50%\" srcset=\"https:\/\/thinkin3d.cat\/wp-content\/uploads\/2026\/04\/Disseny-sense-titol-1.png 2000w, https:\/\/thinkin3d.cat\/wp-content\/uploads\/2026\/04\/Disseny-sense-titol-1-300x90.png 300w, https:\/\/thinkin3d.cat\/wp-content\/uploads\/2026\/04\/Disseny-sense-titol-1-1024x307.png 1024w, https:\/\/thinkin3d.cat\/wp-content\/uploads\/2026\/04\/Disseny-sense-titol-1-768x230.png 768w, https:\/\/thinkin3d.cat\/wp-content\/uploads\/2026\/04\/Disseny-sense-titol-1-1536x461.png 1536w\" sizes=\"auto, (max-width: 2000px) 100vw, 2000px\" \/><span aria-hidden=\"true\" class=\"wp-block-cover__background has-background-dim-0 has-background-dim\"><\/span><div class=\"wp-block-cover__inner-container is-layout-flow wp-block-cover-is-layout-flow\">\n<h1 class=\"wp-block-heading has-text-align-center h2\"><strong>3D Business<br>directory<\/strong><\/h1>\n\n\n\n<p class=\"has-text-align-center h3\">Connect with local specialized 3D suppliers.<br>Discover them below. <\/p>\n<\/div><\/div>\n\n\n\n<div style=\"height:50px\" aria-hidden=\"true\" class=\"wp-block-spacer\"><\/div>\n\n\n\n<p>\nThe ThinkIn 3D business directory is the space where, after completing your introduction to additive manufacturing, 3D printing and advanced manufacturing, you can connect with specialized suppliers who will help you continue to evolve your projects. For this reason, this directory brings together private companies that offer professional services for the development of prototypes, final parts and customized solutions.\n<\/p>\n\n\n\n<p>\nIn short, this space allows you to find, easily and with discretion, the most suitable technological partners. We encourage you to continue advancing in the application of 3D printing and advanced manufacturing within your company.\n<\/p>\n\n\n\n<p>\nWould you like to appear in the ThinkIn 3D directory? In order to be part of it, you must first complete the survey \n<a href=\"https:\/\/forms-emprenedoria.tecnocampus.cat\/view.php?id=316059\">\nDo you want to appear recommended on the ThinkIn 3D website?\n<\/a>. In this sense, this information allows us to better understand the activity, capabilities and services you offer, in order to ensure that the directory brings together companies aligned with additive manufacturing, 3D printing and advanced manufacturing.\n<\/p>\n","protected":false},"excerpt":{"rendered":"<p>The ThinkIn 3D business directory is the space where, after completing your introduction to additive manufacturing, 3D printing and advanced manufacturing, you can connect with specialized suppliers who will help you continue to evolve your projects. For this reason, this directory brings together private companies that offer professional services for the development of prototypes, final [&hellip;]<\/p>\n","protected":false},"author":11,"featured_media":0,"parent":0,"menu_order":0,"comment_status":"closed","ping_status":"closed","template":"page-templates\/page-directorio-empresas.php","meta":{"_acf_changed":false,"_eb_attr":"","footnotes":""},"class_list":["post-17787","page","type-page","status-publish","hentry"],"acf":[],"yoast_head":"<!-- This site is optimized with the Yoast SEO plugin v27.5 - https:\/\/yoast.com\/product\/yoast-seo-wordpress\/ -->\n<title>3D Business Directory | Thinkin3D<\/title>\n<meta name=\"description\" content=\"Discover the advanced manufacturing and 3D business directory with companies that you can contact to continue implementing 3D technology.\" \/>\n<meta name=\"robots\" content=\"index, follow, max-snippet:-1, max-image-preview:large, max-video-preview:-1\" \/>\n<link rel=\"canonical\" href=\"https:\/\/thinkin3d.cat\/en\/3d-business-directory\/\" \/>\n<meta property=\"og:locale\" content=\"en_US\" \/>\n<meta property=\"og:type\" content=\"article\" \/>\n<meta property=\"og:title\" content=\"3D Business Directory | Thinkin3D\" \/>\n<meta property=\"og:description\" content=\"Discover the advanced manufacturing and 3D business directory with companies that you can contact to continue implementing 3D technology.\" \/>\n<meta property=\"og:url\" content=\"https:\/\/thinkin3d.cat\/en\/3d-business-directory\/\" \/>\n<meta property=\"og:site_name\" content=\"Thinkin3D\" \/>\n<meta property=\"article:modified_time\" content=\"2026-04-16T09:01:36+00:00\" \/>\n<meta property=\"og:image\" content=\"https:\/\/thinkin3d.cat\/wp-content\/uploads\/2026\/04\/Disseny-sense-titol-1.png\" \/>\n\t<meta property=\"og:image:width\" content=\"2000\" \/>\n\t<meta property=\"og:image:height\" content=\"600\" \/>\n\t<meta property=\"og:image:type\" content=\"image\/png\" \/>\n<meta name=\"twitter:card\" content=\"summary_large_image\" \/>\n<meta name=\"twitter:label1\" content=\"Est. reading time\" \/>\n\t<meta name=\"twitter:data1\" content=\"1 minute\" \/>\n<script type=\"application\/ld+json\" class=\"yoast-schema-graph\">{\"@context\":\"https:\\\/\\\/schema.org\",\"@graph\":[{\"@type\":\"WebPage\",\"@id\":\"https:\\\/\\\/thinkin3d.cat\\\/en\\\/3d-business-directory\\\/\",\"url\":\"https:\\\/\\\/thinkin3d.cat\\\/en\\\/3d-business-directory\\\/\",\"name\":\"3D Business Directory | Thinkin3D\",\"isPartOf\":{\"@id\":\"https:\\\/\\\/thinkin3d.cat\\\/en\\\/#website\"},\"primaryImageOfPage\":{\"@id\":\"https:\\\/\\\/thinkin3d.cat\\\/en\\\/3d-business-directory\\\/#primaryimage\"},\"image\":{\"@id\":\"https:\\\/\\\/thinkin3d.cat\\\/en\\\/3d-business-directory\\\/#primaryimage\"},\"thumbnailUrl\":\"https:\\\/\\\/thinkin3d.cat\\\/wp-content\\\/uploads\\\/2026\\\/04\\\/Disseny-sense-titol-1.png\",\"datePublished\":\"2025-12-11T09:49:56+00:00\",\"dateModified\":\"2026-04-16T09:01:36+00:00\",\"description\":\"Discover the advanced manufacturing and 3D business directory with companies that you can contact to continue implementing 3D technology.\",\"breadcrumb\":{\"@id\":\"https:\\\/\\\/thinkin3d.cat\\\/en\\\/3d-business-directory\\\/#breadcrumb\"},\"inLanguage\":\"en-US\",\"potentialAction\":[{\"@type\":\"ReadAction\",\"target\":[\"https:\\\/\\\/thinkin3d.cat\\\/en\\\/3d-business-directory\\\/\"]}]},{\"@type\":\"ImageObject\",\"inLanguage\":\"en-US\",\"@id\":\"https:\\\/\\\/thinkin3d.cat\\\/en\\\/3d-business-directory\\\/#primaryimage\",\"url\":\"https:\\\/\\\/thinkin3d.cat\\\/wp-content\\\/uploads\\\/2026\\\/04\\\/Disseny-sense-titol-1.png\",\"contentUrl\":\"https:\\\/\\\/thinkin3d.cat\\\/wp-content\\\/uploads\\\/2026\\\/04\\\/Disseny-sense-titol-1.png\"},{\"@type\":\"BreadcrumbList\",\"@id\":\"https:\\\/\\\/thinkin3d.cat\\\/en\\\/3d-business-directory\\\/#breadcrumb\",\"itemListElement\":[{\"@type\":\"ListItem\",\"position\":1,\"name\":\"Home\",\"item\":\"https:\\\/\\\/thinkin3d.cat\\\/en\\\/\"},{\"@type\":\"ListItem\",\"position\":2,\"name\":\"Business directory\"}]},{\"@type\":\"WebSite\",\"@id\":\"https:\\\/\\\/thinkin3d.cat\\\/en\\\/#website\",\"url\":\"https:\\\/\\\/thinkin3d.cat\\\/en\\\/\",\"name\":\"ThinkIn3D\",\"description\":\"Benvinguts\\\/des al web de ThinkIn 3D, l&#039;acceleradora de fabricaci\u00f3 additiva del TecnoCampus, un projecte impulsat per l&#039;Ajuntament de Matar\u00f3 amb col\u00b7laboraci\u00f3 de la Uni\u00f3 Europea i la Fundaci\u00f3 INCYDE, membre de IAT.\",\"publisher\":{\"@id\":\"https:\\\/\\\/thinkin3d.cat\\\/en\\\/#organization\"},\"potentialAction\":[{\"@type\":\"SearchAction\",\"target\":{\"@type\":\"EntryPoint\",\"urlTemplate\":\"https:\\\/\\\/thinkin3d.cat\\\/en\\\/?s={search_term_string}\"},\"query-input\":{\"@type\":\"PropertyValueSpecification\",\"valueRequired\":true,\"valueName\":\"search_term_string\"}}],\"inLanguage\":\"en-US\"},{\"@type\":\"Organization\",\"@id\":\"https:\\\/\\\/thinkin3d.cat\\\/en\\\/#organization\",\"name\":\"ThinkIn3D\",\"url\":\"https:\\\/\\\/thinkin3d.cat\\\/en\\\/\",\"logo\":{\"@type\":\"ImageObject\",\"inLanguage\":\"en-US\",\"@id\":\"https:\\\/\\\/thinkin3d.cat\\\/en\\\/#\\\/schema\\\/logo\\\/image\\\/\",\"url\":\"https:\\\/\\\/thinkin3d.cat\\\/wp-content\\\/uploads\\\/2023\\\/03\\\/cropped-Favicon-Thinkin.png\",\"contentUrl\":\"https:\\\/\\\/thinkin3d.cat\\\/wp-content\\\/uploads\\\/2023\\\/03\\\/cropped-Favicon-Thinkin.png\",\"width\":512,\"height\":512,\"caption\":\"ThinkIn3D\"},\"image\":{\"@id\":\"https:\\\/\\\/thinkin3d.cat\\\/en\\\/#\\\/schema\\\/logo\\\/image\\\/\"}}]}<\/script>\n<!-- \/ Yoast SEO plugin. -->","yoast_head_json":{"title":"3D Business Directory | Thinkin3D","description":"Discover the advanced manufacturing and 3D business directory with companies that you can contact to continue implementing 3D technology.","robots":{"index":"index","follow":"follow","max-snippet":"max-snippet:-1","max-image-preview":"max-image-preview:large","max-video-preview":"max-video-preview:-1"},"canonical":"https:\/\/thinkin3d.cat\/en\/3d-business-directory\/","og_locale":"en_US","og_type":"article","og_title":"3D Business Directory | Thinkin3D","og_description":"Discover the advanced manufacturing and 3D business directory with companies that you can contact to continue implementing 3D technology.","og_url":"https:\/\/thinkin3d.cat\/en\/3d-business-directory\/","og_site_name":"Thinkin3D","article_modified_time":"2026-04-16T09:01:36+00:00","og_image":[{"width":2000,"height":600,"url":"https:\/\/thinkin3d.cat\/wp-content\/uploads\/2026\/04\/Disseny-sense-titol-1.png","type":"image\/png"}],"twitter_card":"summary_large_image","twitter_misc":{"Est. reading time":"1 minute"},"schema":{"@context":"https:\/\/schema.org","@graph":[{"@type":"WebPage","@id":"https:\/\/thinkin3d.cat\/en\/3d-business-directory\/","url":"https:\/\/thinkin3d.cat\/en\/3d-business-directory\/","name":"3D Business Directory | Thinkin3D","isPartOf":{"@id":"https:\/\/thinkin3d.cat\/en\/#website"},"primaryImageOfPage":{"@id":"https:\/\/thinkin3d.cat\/en\/3d-business-directory\/#primaryimage"},"image":{"@id":"https:\/\/thinkin3d.cat\/en\/3d-business-directory\/#primaryimage"},"thumbnailUrl":"https:\/\/thinkin3d.cat\/wp-content\/uploads\/2026\/04\/Disseny-sense-titol-1.png","datePublished":"2025-12-11T09:49:56+00:00","dateModified":"2026-04-16T09:01:36+00:00","description":"Discover the advanced manufacturing and 3D business directory with companies that you can contact to continue implementing 3D technology.","breadcrumb":{"@id":"https:\/\/thinkin3d.cat\/en\/3d-business-directory\/#breadcrumb"},"inLanguage":"en-US","potentialAction":[{"@type":"ReadAction","target":["https:\/\/thinkin3d.cat\/en\/3d-business-directory\/"]}]},{"@type":"ImageObject","inLanguage":"en-US","@id":"https:\/\/thinkin3d.cat\/en\/3d-business-directory\/#primaryimage","url":"https:\/\/thinkin3d.cat\/wp-content\/uploads\/2026\/04\/Disseny-sense-titol-1.png","contentUrl":"https:\/\/thinkin3d.cat\/wp-content\/uploads\/2026\/04\/Disseny-sense-titol-1.png"},{"@type":"BreadcrumbList","@id":"https:\/\/thinkin3d.cat\/en\/3d-business-directory\/#breadcrumb","itemListElement":[{"@type":"ListItem","position":1,"name":"Home","item":"https:\/\/thinkin3d.cat\/en\/"},{"@type":"ListItem","position":2,"name":"Business directory"}]},{"@type":"WebSite","@id":"https:\/\/thinkin3d.cat\/en\/#website","url":"https:\/\/thinkin3d.cat\/en\/","name":"ThinkIn3D","description":"Benvinguts\/des al web de ThinkIn 3D, l&#039;acceleradora de fabricaci\u00f3 additiva del TecnoCampus, un projecte impulsat per l&#039;Ajuntament de Matar\u00f3 amb col\u00b7laboraci\u00f3 de la Uni\u00f3 Europea i la Fundaci\u00f3 INCYDE, membre de IAT.","publisher":{"@id":"https:\/\/thinkin3d.cat\/en\/#organization"},"potentialAction":[{"@type":"SearchAction","target":{"@type":"EntryPoint","urlTemplate":"https:\/\/thinkin3d.cat\/en\/?s={search_term_string}"},"query-input":{"@type":"PropertyValueSpecification","valueRequired":true,"valueName":"search_term_string"}}],"inLanguage":"en-US"},{"@type":"Organization","@id":"https:\/\/thinkin3d.cat\/en\/#organization","name":"ThinkIn3D","url":"https:\/\/thinkin3d.cat\/en\/","logo":{"@type":"ImageObject","inLanguage":"en-US","@id":"https:\/\/thinkin3d.cat\/en\/#\/schema\/logo\/image\/","url":"https:\/\/thinkin3d.cat\/wp-content\/uploads\/2023\/03\/cropped-Favicon-Thinkin.png","contentUrl":"https:\/\/thinkin3d.cat\/wp-content\/uploads\/2023\/03\/cropped-Favicon-Thinkin.png","width":512,"height":512,"caption":"ThinkIn3D"},"image":{"@id":"https:\/\/thinkin3d.cat\/en\/#\/schema\/logo\/image\/"}}]}},"_links":{"self":[{"href":"https:\/\/thinkin3d.cat\/en\/wp-json\/wp\/v2\/pages\/17787","targetHints":{"allow":["GET"]}}],"collection":[{"href":"https:\/\/thinkin3d.cat\/en\/wp-json\/wp\/v2\/pages"}],"about":[{"href":"https:\/\/thinkin3d.cat\/en\/wp-json\/wp\/v2\/types\/page"}],"author":[{"embeddable":true,"href":"https:\/\/thinkin3d.cat\/en\/wp-json\/wp\/v2\/users\/11"}],"replies":[{"embeddable":true,"href":"https:\/\/thinkin3d.cat\/en\/wp-json\/wp\/v2\/comments?post=17787"}],"version-history":[{"count":40,"href":"https:\/\/thinkin3d.cat\/en\/wp-json\/wp\/v2\/pages\/17787\/revisions"}],"predecessor-version":[{"id":19888,"href":"https:\/\/thinkin3d.cat\/en\/wp-json\/wp\/v2\/pages\/17787\/revisions\/19888"}],"wp:attachment":[{"href":"https:\/\/thinkin3d.cat\/en\/wp-json\/wp\/v2\/media?parent=17787"}],"curies":[{"name":"wp","href":"https:\/\/api.w.org\/{rel}","templated":true}]}}