{"id":17657,"date":"2025-02-06T08:49:03","date_gmt":"2025-02-06T08:49:03","guid":{"rendered":"https:\/\/thinkin3d.cat\/?page_id=17657"},"modified":"2026-01-09T11:32:47","modified_gmt":"2026-01-09T11:32:47","slug":"subsidized-technological-services","status":"publish","type":"page","link":"https:\/\/thinkin3d.cat\/en\/subsidized-technological-services\/","title":{"rendered":"Technological services"},"content":{"rendered":"\n<div class=\"wp-block-group\"><div class=\"wp-block-group__inner-container is-layout-constrained wp-block-group-is-layout-constrained\"><div class=\"wp-bootstrap-blocks-container container-fluid mb-0 bg-gray-light\">\n\t\n<div class=\"wp-bootstrap-blocks-container container mb-2 has-padding-169\">\n\t\n\n<h1 class=\"wp-block-heading has-text-align-center h3\">OUR SUBSIDIZED TECHNOLOGICAL SERVICES<\/h1>\n\n\n\n<p class=\"has-text-align-center\">Discover the <strong>subsidized technological services<\/strong> of <strong>expert advice, prototyping, consulting and internationalization<\/strong> offered by ThinkIn 3D. We help companies in the province of Barcelona to innovate with 3D printing. Start from an initial diagnosis and establishing a roadmap to grow your business.\u00a0<\/p>\n\n\n\n<div style=\"height:75px\" aria-hidden=\"true\" class=\"wp-block-spacer\"><\/div>\n\n<\/div>\n\n\n<div class=\"wp-bootstrap-blocks-container container mb-0 block-programs-home\">\n\t\n<div class=\"wp-bootstrap-blocks-row row\">\n\t\n\n<div class=\"col-12 col-md-12 col-lg-12\">\n\t\t\t\n\n<div class=\"wp-block-columns is-layout-flex wp-container-core-columns-is-layout-9d6595d7 wp-block-columns-is-layout-flex\">\n<div class=\"wp-block-column is-layout-flow wp-block-column-is-layout-flow\">\n<figure class=\"wp-block-image size-full\"><img decoding=\"async\" src=\"https:\/\/thinkin3d.cat\/wp-content\/uploads\/2025\/02\/transferencia_tecnologica-1.jpeg\" alt=\"Transfer\u00e8ncia tecnol\u00f2gica d eThinkIn 3D\" class=\"wp-image-8765\" style=\"aspect-ratio:4\/3;object-fit:cover\"\/><\/figure>\n\n\n\n<h3 class=\"wp-block-heading has-text-align-left\">Technological transfer<\/h3>\n\n\n\n<p class=\"has-text-align-left\">We offer a <strong>tailor-made technology transfer <\/strong>that includes a complete diagnosis of the company&#8217;s needs, creation of a technological roadmap. We additionally offer support in the implementation, whether of additive manufacturing technology or any other technology linked to industry 4.0. This service is designed to adapt to the level of technological maturity of each business, ensuring an effective transition to 3D printing.<\/p>\n<\/div>\n\n\n\n<div class=\"wp-block-column is-layout-flow wp-block-column-is-layout-flow\">\n<figure class=\"wp-block-image size-full\"><img loading=\"lazy\" decoding=\"async\" width=\"800\" height=\"600\" src=\"https:\/\/thinkin3d.cat\/wp-content\/uploads\/2025\/11\/800x600-43-Imatge-petita-2.jpg\" alt=\"\" class=\"wp-image-16719\" style=\"aspect-ratio:4\/3;object-fit:cover\" srcset=\"https:\/\/thinkin3d.cat\/wp-content\/uploads\/2025\/11\/800x600-43-Imatge-petita-2.jpg 800w, https:\/\/thinkin3d.cat\/wp-content\/uploads\/2025\/11\/800x600-43-Imatge-petita-2-300x225.jpg 300w, https:\/\/thinkin3d.cat\/wp-content\/uploads\/2025\/11\/800x600-43-Imatge-petita-2-768x576.jpg 768w\" sizes=\"auto, (max-width: 800px) 100vw, 800px\" \/><\/figure>\n\n\n\n<h3 class=\"wp-block-heading has-text-align-left\">Prototyping and small runs service<\/h3>\n\n\n\n<p class=\"has-text-align-left\">With our <strong>prototyping and small-run production service<\/strong>, you can validate designs and conduct real-world tests before starting mass production. Ideal for companies that need to experiment and validate new parts or products.\u00a0<\/p>\n<\/div>\n\n\n\n<div class=\"wp-block-column is-layout-flow wp-block-column-is-layout-flow\">\n<figure class=\"wp-block-image size-full\"><img loading=\"lazy\" decoding=\"async\" width=\"684\" height=\"500\" src=\"https:\/\/thinkin3d.cat\/wp-content\/uploads\/2024\/07\/prototipatge.jpeg\" alt=\"Serveis tecnol\u00f2gics subvencionats - Oficina de disseny i escanejat\" class=\"wp-image-6491\" style=\"aspect-ratio:4\/3;object-fit:cover\" srcset=\"https:\/\/thinkin3d.cat\/wp-content\/uploads\/2024\/07\/prototipatge.jpeg 684w, https:\/\/thinkin3d.cat\/wp-content\/uploads\/2024\/07\/prototipatge-300x219.jpeg 300w\" sizes=\"auto, (max-width: 684px) 100vw, 684px\" \/><\/figure>\n\n\n\n<h3 class=\"wp-block-heading has-text-align-left\">Technical office: design and 3D scanning<\/h3>\n\n\n\n<p class=\"has-text-align-left\">From the technical office we offer you <strong>design and 3D scanning services<\/strong>, with advice on the most suitable technologies and materials for each application. In addition, our experts will advise you on mechanical and material performance to <strong>maximize the performance <\/strong>and features of the final parts.<\/p>\n<\/div>\n<\/div>\n\n\t<\/div>\n\n<\/div>\n\n<\/div>\n\n<\/div>\n\n\n<div class=\"wp-bootstrap-blocks-container container-fluid mb-0 bg-gray-light\">\n\t\n<div class=\"wp-bootstrap-blocks-container container mb-0\">\n\t\n<div class=\"wp-bootstrap-blocks-row row\">\n\t\n\n<div class=\"col-12 col-md-12 col-lg-12\">\n\t\t\t\n\n<div class=\"wp-block-columns block-programs-home is-layout-flex wp-container-core-columns-is-layout-9d6595d7 wp-block-columns-is-layout-flex\">\n<div class=\"wp-block-column is-layout-flow wp-block-column-is-layout-flow\">\n<figure class=\"wp-block-image size-full\"><img loading=\"lazy\" decoding=\"async\" width=\"1600\" height=\"1200\" src=\"https:\/\/thinkin3d.cat\/wp-content\/uploads\/2025\/02\/immersio.jpg\" alt=\"Serveis tecnol\u00f2gics subvencionats en immersi\u00f3 tecnol\u00f2gica\" class=\"wp-image-8772\" style=\"aspect-ratio:4\/3;object-fit:cover\" srcset=\"https:\/\/thinkin3d.cat\/wp-content\/uploads\/2025\/02\/immersio.jpg 1600w, https:\/\/thinkin3d.cat\/wp-content\/uploads\/2025\/02\/immersio-300x225.jpg 300w, https:\/\/thinkin3d.cat\/wp-content\/uploads\/2025\/02\/immersio-1024x768.jpg 1024w, https:\/\/thinkin3d.cat\/wp-content\/uploads\/2025\/02\/immersio-768x576.jpg 768w, https:\/\/thinkin3d.cat\/wp-content\/uploads\/2025\/02\/immersio-1536x1152.jpg 1536w\" sizes=\"auto, (max-width: 1600px) 100vw, 1600px\" \/><\/figure>\n\n\n\n<h3 class=\"wp-block-heading has-text-align-left\">Technological immersion sessions<\/h3>\n\n\n\n<p class=\"has-text-align-left\">We offer <strong>training sessions in technological tools <\/strong>such as CAD, BIM, DICOM, photogrammetry, rendering, scanning and post-processing, aimed at preparing teams to work with the latest digital tools linked to advanced manufacturing.\u00a0\u00a0<\/p>\n<\/div>\n\n\n\n<div class=\"wp-block-column is-layout-flow wp-block-column-is-layout-flow\">\n<figure class=\"wp-block-image size-full\"><img loading=\"lazy\" decoding=\"async\" width=\"810\" height=\"540\" src=\"https:\/\/thinkin3d.cat\/wp-content\/uploads\/2025\/02\/consultoria.jpg\" alt=\"Consultoria especialitzada en impressi\u00f3 3D\" class=\"wp-image-8775\" style=\"aspect-ratio:4\/3;object-fit:cover\" srcset=\"https:\/\/thinkin3d.cat\/wp-content\/uploads\/2025\/02\/consultoria.jpg 810w, https:\/\/thinkin3d.cat\/wp-content\/uploads\/2025\/02\/consultoria-300x200.jpg 300w, https:\/\/thinkin3d.cat\/wp-content\/uploads\/2025\/02\/consultoria-768x512.jpg 768w\" sizes=\"auto, (max-width: 810px) 100vw, 810px\" \/><\/figure>\n\n\n\n<h3 class=\"wp-block-heading has-text-align-left\">Consulting specialized in 3D printing and industry 4.0<\/h3>\n\n\n\n<p class=\"has-text-align-left\">Access <strong>expert advice<\/strong> on 3D printing, Industry 4.0 technologies and Lean Manufacturing, to make your company more efficient and competitive in the current context as a result.<\/p>\n<\/div>\n\n\n\n<div class=\"wp-block-column is-layout-flow wp-block-column-is-layout-flow\">\n<figure class=\"wp-block-image size-full\"><img loading=\"lazy\" decoding=\"async\" width=\"1500\" height=\"1125\" src=\"https:\/\/thinkin3d.cat\/wp-content\/uploads\/2025\/02\/serveis.jpg\" alt=\"Serveis del TecnoCampus de finan\u00e7ament i promoci\u00f3 internacional\" class=\"wp-image-8778\" style=\"aspect-ratio:4\/3;object-fit:cover\" srcset=\"https:\/\/thinkin3d.cat\/wp-content\/uploads\/2025\/02\/serveis.jpg 1500w, https:\/\/thinkin3d.cat\/wp-content\/uploads\/2025\/02\/serveis-300x225.jpg 300w, https:\/\/thinkin3d.cat\/wp-content\/uploads\/2025\/02\/serveis-1024x768.jpg 1024w, https:\/\/thinkin3d.cat\/wp-content\/uploads\/2025\/02\/serveis-768x576.jpg 768w\" sizes=\"auto, (max-width: 1500px) 100vw, 1500px\" \/><\/figure>\n\n\n\n<h3 class=\"wp-block-heading has-text-align-left\">TecnoCampus services: financing, international promotion and networking<\/h3>\n\n\n\n<p class=\"has-text-align-left\">At TecnoCampus, we offer you <strong>financial guidance<\/strong>, <strong>international promotion strategies<\/strong> and connection to an <strong>innovation ecosystem<\/strong> with <strong>high added value<\/strong>, in addition to access to conference rooms and spaces and media presence.\u00a0<\/p>\n<\/div>\n<\/div>\n\n\t<\/div>\n\n<\/div>\n\n\n\n<div style=\"height:75px\" aria-hidden=\"true\" class=\"wp-block-spacer\"><\/div>\n\n<\/div>\n\n<\/div>\n<\/div><\/div>\n\n\n\n<div class=\"wp-block-group bg-gray py-5\"><div class=\"wp-block-group__inner-container is-layout-constrained wp-block-group-is-layout-constrained\"><div class=\"wp-bootstrap-blocks-container container mb-0 has-padding-169\">\n\t\n\n<div style=\"height:50px\" aria-hidden=\"true\" class=\"wp-block-spacer\"><\/div>\n\n\n\n<p class=\"has-text-align-center has-medium-font-size\"><strong>We help you reduce costs, accelerate processes and increase the flexibility of your company thanks to technological innovation programs.<\/strong><\/p>\n\n\n\n<div class=\"wp-block-buttons pb-0 is-content-justification-center is-nowrap is-layout-flex wp-container-core-buttons-is-layout-1fb9aab6 wp-block-buttons-is-layout-flex\">\n<div class=\"wp-block-button aligncenter red is-style-fill\"><a class=\"wp-block-button__link has-background wp-element-button\" href=\"https:\/\/calendly.com\/thinkin3d\/preconsultoria-usuaris-thinkin3d\" style=\"background-color:#c21f41\" target=\"_blank\" rel=\"noreferrer noopener nofollow\">Request free advice<\/a><\/div>\n<\/div>\n\n\n\n<div style=\"height:50px\" aria-hidden=\"true\" class=\"wp-block-spacer\"><\/div>\n\n<\/div>\n<\/div><\/div>\n","protected":false},"excerpt":{"rendered":"","protected":false},"author":10,"featured_media":0,"parent":0,"menu_order":0,"comment_status":"closed","ping_status":"closed","template":"","meta":{"_acf_changed":false,"_eb_attr":"","footnotes":""},"class_list":["post-17657","page","type-page","status-publish","hentry"],"acf":[],"yoast_head":"<!-- This site is optimized with the Yoast SEO plugin v27.4 - https:\/\/yoast.com\/product\/yoast-seo-wordpress\/ -->\n<title>Subsidized Technological services | Thinkin3D<\/title>\n<meta name=\"description\" content=\"Discover ThinkIn 3D&#039;s subsidized technological services focused on accelerating the innovation and competitiveness of companies.\" \/>\n<meta name=\"robots\" content=\"index, follow, max-snippet:-1, max-image-preview:large, max-video-preview:-1\" \/>\n<link rel=\"canonical\" href=\"https:\/\/thinkin3d.cat\/en\/subsidized-technological-services\/\" \/>\n<meta property=\"og:locale\" content=\"en_US\" \/>\n<meta property=\"og:type\" content=\"article\" \/>\n<meta property=\"og:title\" content=\"Subsidized Technological services | Thinkin3D\" \/>\n<meta property=\"og:description\" content=\"Discover ThinkIn 3D&#039;s subsidized technological services focused on accelerating the innovation and competitiveness of companies.\" \/>\n<meta property=\"og:url\" content=\"https:\/\/thinkin3d.cat\/en\/subsidized-technological-services\/\" \/>\n<meta property=\"og:site_name\" content=\"Thinkin3D\" \/>\n<meta property=\"article:modified_time\" content=\"2026-01-09T11:32:47+00:00\" \/>\n<meta property=\"og:image\" content=\"https:\/\/thinkin3d.cat\/wp-content\/uploads\/2025\/02\/transferencia_tecnologica-1.jpeg\" \/>\n\t<meta property=\"og:image:width\" content=\"1\" \/>\n\t<meta property=\"og:image:height\" content=\"1\" \/>\n\t<meta property=\"og:image:type\" content=\"image\/jpeg\" \/>\n<meta name=\"twitter:card\" content=\"summary_large_image\" \/>\n<meta name=\"twitter:label1\" content=\"Est. reading time\" \/>\n\t<meta name=\"twitter:data1\" content=\"3 minutes\" \/>\n<script type=\"application\/ld+json\" class=\"yoast-schema-graph\">{\"@context\":\"https:\\\/\\\/schema.org\",\"@graph\":[{\"@type\":\"WebPage\",\"@id\":\"https:\\\/\\\/thinkin3d.cat\\\/en\\\/subsidized-technological-services\\\/\",\"url\":\"https:\\\/\\\/thinkin3d.cat\\\/en\\\/subsidized-technological-services\\\/\",\"name\":\"Subsidized Technological services | Thinkin3D\",\"isPartOf\":{\"@id\":\"https:\\\/\\\/thinkin3d.cat\\\/en\\\/#website\"},\"primaryImageOfPage\":{\"@id\":\"https:\\\/\\\/thinkin3d.cat\\\/en\\\/subsidized-technological-services\\\/#primaryimage\"},\"image\":{\"@id\":\"https:\\\/\\\/thinkin3d.cat\\\/en\\\/subsidized-technological-services\\\/#primaryimage\"},\"thumbnailUrl\":\"https:\\\/\\\/thinkin3d.cat\\\/wp-content\\\/uploads\\\/2025\\\/02\\\/transferencia_tecnologica-1.jpeg\",\"datePublished\":\"2025-02-06T08:49:03+00:00\",\"dateModified\":\"2026-01-09T11:32:47+00:00\",\"description\":\"Discover ThinkIn 3D's subsidized technological services focused on accelerating the innovation and competitiveness of companies.\",\"breadcrumb\":{\"@id\":\"https:\\\/\\\/thinkin3d.cat\\\/en\\\/subsidized-technological-services\\\/#breadcrumb\"},\"inLanguage\":\"en-US\",\"potentialAction\":[{\"@type\":\"ReadAction\",\"target\":[\"https:\\\/\\\/thinkin3d.cat\\\/en\\\/subsidized-technological-services\\\/\"]}]},{\"@type\":\"ImageObject\",\"inLanguage\":\"en-US\",\"@id\":\"https:\\\/\\\/thinkin3d.cat\\\/en\\\/subsidized-technological-services\\\/#primaryimage\",\"url\":\"https:\\\/\\\/thinkin3d.cat\\\/wp-content\\\/uploads\\\/2025\\\/02\\\/transferencia_tecnologica-1.jpeg\",\"contentUrl\":\"https:\\\/\\\/thinkin3d.cat\\\/wp-content\\\/uploads\\\/2025\\\/02\\\/transferencia_tecnologica-1.jpeg\"},{\"@type\":\"BreadcrumbList\",\"@id\":\"https:\\\/\\\/thinkin3d.cat\\\/en\\\/subsidized-technological-services\\\/#breadcrumb\",\"itemListElement\":[{\"@type\":\"ListItem\",\"position\":1,\"name\":\"Home\",\"item\":\"https:\\\/\\\/thinkin3d.cat\\\/en\\\/\"},{\"@type\":\"ListItem\",\"position\":2,\"name\":\"Technological services\"}]},{\"@type\":\"WebSite\",\"@id\":\"https:\\\/\\\/thinkin3d.cat\\\/en\\\/#website\",\"url\":\"https:\\\/\\\/thinkin3d.cat\\\/en\\\/\",\"name\":\"ThinkIn3D\",\"description\":\"Benvinguts\\\/des al web de ThinkIn 3D, l&#039;acceleradora de fabricaci\u00f3 additiva del TecnoCampus, un projecte impulsat per l&#039;Ajuntament de Matar\u00f3 amb col\u00b7laboraci\u00f3 de la Uni\u00f3 Europea i la Fundaci\u00f3 INCYDE, membre de IAT.\",\"publisher\":{\"@id\":\"https:\\\/\\\/thinkin3d.cat\\\/en\\\/#organization\"},\"potentialAction\":[{\"@type\":\"SearchAction\",\"target\":{\"@type\":\"EntryPoint\",\"urlTemplate\":\"https:\\\/\\\/thinkin3d.cat\\\/en\\\/?s={search_term_string}\"},\"query-input\":{\"@type\":\"PropertyValueSpecification\",\"valueRequired\":true,\"valueName\":\"search_term_string\"}}],\"inLanguage\":\"en-US\"},{\"@type\":\"Organization\",\"@id\":\"https:\\\/\\\/thinkin3d.cat\\\/en\\\/#organization\",\"name\":\"ThinkIn3D\",\"url\":\"https:\\\/\\\/thinkin3d.cat\\\/en\\\/\",\"logo\":{\"@type\":\"ImageObject\",\"inLanguage\":\"en-US\",\"@id\":\"https:\\\/\\\/thinkin3d.cat\\\/en\\\/#\\\/schema\\\/logo\\\/image\\\/\",\"url\":\"https:\\\/\\\/thinkin3d.cat\\\/wp-content\\\/uploads\\\/2023\\\/03\\\/cropped-Favicon-Thinkin.png\",\"contentUrl\":\"https:\\\/\\\/thinkin3d.cat\\\/wp-content\\\/uploads\\\/2023\\\/03\\\/cropped-Favicon-Thinkin.png\",\"width\":512,\"height\":512,\"caption\":\"ThinkIn3D\"},\"image\":{\"@id\":\"https:\\\/\\\/thinkin3d.cat\\\/en\\\/#\\\/schema\\\/logo\\\/image\\\/\"}}]}<\/script>\n<!-- \/ Yoast SEO plugin. -->","yoast_head_json":{"title":"Subsidized Technological services | Thinkin3D","description":"Discover ThinkIn 3D's subsidized technological services focused on accelerating the innovation and competitiveness of companies.","robots":{"index":"index","follow":"follow","max-snippet":"max-snippet:-1","max-image-preview":"max-image-preview:large","max-video-preview":"max-video-preview:-1"},"canonical":"https:\/\/thinkin3d.cat\/en\/subsidized-technological-services\/","og_locale":"en_US","og_type":"article","og_title":"Subsidized Technological services | Thinkin3D","og_description":"Discover ThinkIn 3D's subsidized technological services focused on accelerating the innovation and competitiveness of companies.","og_url":"https:\/\/thinkin3d.cat\/en\/subsidized-technological-services\/","og_site_name":"Thinkin3D","article_modified_time":"2026-01-09T11:32:47+00:00","og_image":[{"url":"https:\/\/thinkin3d.cat\/wp-content\/uploads\/2025\/02\/transferencia_tecnologica-1.jpeg","width":1,"height":1,"type":"image\/jpeg"}],"twitter_card":"summary_large_image","twitter_misc":{"Est. reading time":"3 minutes"},"schema":{"@context":"https:\/\/schema.org","@graph":[{"@type":"WebPage","@id":"https:\/\/thinkin3d.cat\/en\/subsidized-technological-services\/","url":"https:\/\/thinkin3d.cat\/en\/subsidized-technological-services\/","name":"Subsidized Technological services | Thinkin3D","isPartOf":{"@id":"https:\/\/thinkin3d.cat\/en\/#website"},"primaryImageOfPage":{"@id":"https:\/\/thinkin3d.cat\/en\/subsidized-technological-services\/#primaryimage"},"image":{"@id":"https:\/\/thinkin3d.cat\/en\/subsidized-technological-services\/#primaryimage"},"thumbnailUrl":"https:\/\/thinkin3d.cat\/wp-content\/uploads\/2025\/02\/transferencia_tecnologica-1.jpeg","datePublished":"2025-02-06T08:49:03+00:00","dateModified":"2026-01-09T11:32:47+00:00","description":"Discover ThinkIn 3D's subsidized technological services focused on accelerating the innovation and competitiveness of companies.","breadcrumb":{"@id":"https:\/\/thinkin3d.cat\/en\/subsidized-technological-services\/#breadcrumb"},"inLanguage":"en-US","potentialAction":[{"@type":"ReadAction","target":["https:\/\/thinkin3d.cat\/en\/subsidized-technological-services\/"]}]},{"@type":"ImageObject","inLanguage":"en-US","@id":"https:\/\/thinkin3d.cat\/en\/subsidized-technological-services\/#primaryimage","url":"https:\/\/thinkin3d.cat\/wp-content\/uploads\/2025\/02\/transferencia_tecnologica-1.jpeg","contentUrl":"https:\/\/thinkin3d.cat\/wp-content\/uploads\/2025\/02\/transferencia_tecnologica-1.jpeg"},{"@type":"BreadcrumbList","@id":"https:\/\/thinkin3d.cat\/en\/subsidized-technological-services\/#breadcrumb","itemListElement":[{"@type":"ListItem","position":1,"name":"Home","item":"https:\/\/thinkin3d.cat\/en\/"},{"@type":"ListItem","position":2,"name":"Technological services"}]},{"@type":"WebSite","@id":"https:\/\/thinkin3d.cat\/en\/#website","url":"https:\/\/thinkin3d.cat\/en\/","name":"ThinkIn3D","description":"Benvinguts\/des al web de ThinkIn 3D, l&#039;acceleradora de fabricaci\u00f3 additiva del TecnoCampus, un projecte impulsat per l&#039;Ajuntament de Matar\u00f3 amb col\u00b7laboraci\u00f3 de la Uni\u00f3 Europea i la Fundaci\u00f3 INCYDE, membre de IAT.","publisher":{"@id":"https:\/\/thinkin3d.cat\/en\/#organization"},"potentialAction":[{"@type":"SearchAction","target":{"@type":"EntryPoint","urlTemplate":"https:\/\/thinkin3d.cat\/en\/?s={search_term_string}"},"query-input":{"@type":"PropertyValueSpecification","valueRequired":true,"valueName":"search_term_string"}}],"inLanguage":"en-US"},{"@type":"Organization","@id":"https:\/\/thinkin3d.cat\/en\/#organization","name":"ThinkIn3D","url":"https:\/\/thinkin3d.cat\/en\/","logo":{"@type":"ImageObject","inLanguage":"en-US","@id":"https:\/\/thinkin3d.cat\/en\/#\/schema\/logo\/image\/","url":"https:\/\/thinkin3d.cat\/wp-content\/uploads\/2023\/03\/cropped-Favicon-Thinkin.png","contentUrl":"https:\/\/thinkin3d.cat\/wp-content\/uploads\/2023\/03\/cropped-Favicon-Thinkin.png","width":512,"height":512,"caption":"ThinkIn3D"},"image":{"@id":"https:\/\/thinkin3d.cat\/en\/#\/schema\/logo\/image\/"}}]}},"_links":{"self":[{"href":"https:\/\/thinkin3d.cat\/en\/wp-json\/wp\/v2\/pages\/17657","targetHints":{"allow":["GET"]}}],"collection":[{"href":"https:\/\/thinkin3d.cat\/en\/wp-json\/wp\/v2\/pages"}],"about":[{"href":"https:\/\/thinkin3d.cat\/en\/wp-json\/wp\/v2\/types\/page"}],"author":[{"embeddable":true,"href":"https:\/\/thinkin3d.cat\/en\/wp-json\/wp\/v2\/users\/10"}],"replies":[{"embeddable":true,"href":"https:\/\/thinkin3d.cat\/en\/wp-json\/wp\/v2\/comments?post=17657"}],"version-history":[{"count":2,"href":"https:\/\/thinkin3d.cat\/en\/wp-json\/wp\/v2\/pages\/17657\/revisions"}],"predecessor-version":[{"id":18590,"href":"https:\/\/thinkin3d.cat\/en\/wp-json\/wp\/v2\/pages\/17657\/revisions\/18590"}],"wp:attachment":[{"href":"https:\/\/thinkin3d.cat\/en\/wp-json\/wp\/v2\/media?parent=17657"}],"curies":[{"name":"wp","href":"https:\/\/api.w.org\/{rel}","templated":true}]}}