{"id":16396,"date":"2025-11-27T11:29:36","date_gmt":"2025-11-27T11:29:36","guid":{"rendered":"https:\/\/thinkin3d.cat\/?page_id=16396"},"modified":"2026-01-15T08:44:08","modified_gmt":"2026-01-15T08:44:08","slug":"3d-printing-success-cases","status":"publish","type":"page","link":"https:\/\/thinkin3d.cat\/en\/3d-printing-success-cases\/","title":{"rendered":"Success Stories"},"content":{"rendered":"<div class=\"wp-bootstrap-blocks-container container-fluid mb-0 bg-gray\">\n\t\n<div class=\"wp-bootstrap-blocks-container container mb-0 has-padding-169\">\n\t\n\n<h1 class=\"wp-block-heading has-text-align-center h3\">Success Stories in 3D Printing: Real Solutions for Businesses<\/h1>\n\n\n\n<div style=\"height:20px\" aria-hidden=\"true\" class=\"wp-block-spacer\"><\/div>\n\n\n\n<p class=\"has-text-align-center\">Discover the <strong>3D printing success stories<\/strong> we&#8217;ve developed with companies and professionals. You&#8217;ll also see how, through <strong>customized projects<\/strong>, we transform ideas into real and efficient solutions. In short, our experience demonstrates the potential of <strong>additive manufacturing<\/strong> to optimize time, costs, and quality.<\/p>\n\n\n\n<div style=\"height:20px\" aria-hidden=\"true\" class=\"wp-block-spacer\"><\/div>\n\n\n\n<div class=\"wp-block-buttons is-content-justification-center is-layout-flex wp-container-core-buttons-is-layout-16018d1d wp-block-buttons-is-layout-flex\">\n<div class=\"wp-block-button red\"><a class=\"wp-block-button__link has-text-align-center wp-element-button\" href=\"\/en\/?page_id=5241\">We offer you free advice<\/a><\/div>\n<\/div>\n\n\n\n<div style=\"height:75px\" aria-hidden=\"true\" class=\"wp-block-spacer\"><\/div>\n\n<\/div>\n\n<\/div>\n\n\n<div class=\"wp-bootstrap-blocks-container container-fluid mb-0 bg-gray-light\">\n\t\n<div class=\"wp-bootstrap-blocks-container container mb-0 block-programs-home\">\n\t\n<div class=\"wp-bootstrap-blocks-row row\">\n\t\n\n<div class=\"col-12 col-md-12 col-lg-12\">\n\t\t\t\n\n<div class=\"wp-block-columns is-layout-flex wp-container-core-columns-is-layout-9d6595d7 wp-block-columns-is-layout-flex\">\n<div class=\"wp-block-column d-flex flex-column is-layout-flow wp-block-column-is-layout-flow\">\n<figure class=\"wp-block-embed is-type-video is-provider-youtube wp-block-embed-youtube wp-embed-aspect-16-9 wp-has-aspect-ratio\"><div class=\"wp-block-embed__wrapper\">\n<iframe loading=\"lazy\" title=\"ThinkIn 3D Matar\u00f3: L\u2019acceleradora de Fabricaci\u00f3 Additiva del TecnoCampus\" width=\"640\" height=\"360\" src=\"https:\/\/www.youtube.com\/embed\/Ky12Xm6gCBw?feature=oembed\" frameborder=\"0\" allow=\"accelerometer; autoplay; clipboard-write; encrypted-media; gyroscope; picture-in-picture; web-share\" referrerpolicy=\"strict-origin-when-cross-origin\" allowfullscreen><\/iframe>\n<\/div><\/figure>\n\n\n\n<h3 class=\"wp-block-heading has-text-align-left\">Featured success stories &#8211; ThinkIn3D<\/h3>\n\n\n\n<p><strong>Multiple clients, one innovation<\/strong><\/p>\n\n\n\n<p>In this video, you&#8217;ll see how ThinkIn3D <strong>transforms ideas into real solutions<\/strong>. For example, a mechanic&#8217;s workshop manufactures <strong>discontinued parts<\/strong>, a professional hair salon creates <strong>unique products<\/strong>, and a company accelerates the <strong>transition from prototype to launch<\/strong> with short production runs. In short, three examples that demonstrate the efficiency and flexibility of 3D printing.<\/p>\n<\/div>\n\n\n\n<div class=\"wp-block-column d-flex flex-column is-layout-flow wp-block-column-is-layout-flow\">\n<figure class=\"wp-block-embed is-type-video is-provider-youtube wp-block-embed-youtube wp-embed-aspect-16-9 wp-has-aspect-ratio\"><div class=\"wp-block-embed__wrapper\">\n<iframe loading=\"lazy\" title=\"Cas d\u2019\u00e8xit ThinkIn 3D - GEMINI\" width=\"640\" height=\"360\" src=\"https:\/\/www.youtube.com\/embed\/X3L2AGjUcA8?feature=oembed\" frameborder=\"0\" allow=\"accelerometer; autoplay; clipboard-write; encrypted-media; gyroscope; picture-in-picture; web-share\" referrerpolicy=\"strict-origin-when-cross-origin\" allowfullscreen><\/iframe>\n<\/div><\/figure>\n\n\n\n<h3 class=\"wp-block-heading has-text-align-left\">Gemini Composites<\/h3>\n\n\n\n<p><strong>Jose Baides &#8211; CEO<\/strong> <strong>de Gemini Composites<\/strong><\/p>\n\n\n\n<p><strong>Gemini Composites<\/strong> has transformed its design and manufacturing process thanks to <strong>3D printing solutions<\/strong>. Simply put, this is a real success story where innovation and technology come together to <strong>boost competitiveness<\/strong> in the industrial sector.<\/p>\n<\/div>\n<\/div>\n\n\t<\/div>\n\n<\/div>\n\n<\/div>\n\n<\/div>\n\n\n<div class=\"wp-bootstrap-blocks-container container-fluid mb-0 bg-gray-light\">\n\t\n<div class=\"wp-bootstrap-blocks-container container mb-0 block-programs-home\">\n\t\n<div class=\"wp-bootstrap-blocks-row row\">\n\t\n\n<div class=\"col-12 col-md-12 col-lg-12\">\n\t\t\t\n\n<div class=\"wp-block-columns is-layout-flex wp-container-core-columns-is-layout-9d6595d7 wp-block-columns-is-layout-flex\">\n<div class=\"wp-block-column d-flex flex-column is-layout-flow wp-block-column-is-layout-flow\">\n<figure class=\"wp-block-embed is-type-video is-provider-youtube wp-block-embed-youtube wp-embed-aspect-16-9 wp-has-aspect-ratio\"><div class=\"wp-block-embed__wrapper\">\n<iframe loading=\"lazy\" title=\"Vueling i ThinkIn 3D optimitzen la cabina amb impressi\u00f3 3D\" width=\"640\" height=\"360\" src=\"https:\/\/www.youtube.com\/embed\/uXk6-6ZoB2o?feature=oembed\" frameborder=\"0\" allow=\"accelerometer; autoplay; clipboard-write; encrypted-media; gyroscope; picture-in-picture; web-share\" referrerpolicy=\"strict-origin-when-cross-origin\" allowfullscreen><\/iframe>\n<\/div><\/figure>\n\n\n\n<h3 class=\"wp-block-heading has-text-align-left\">Vueling<\/h3>\n\n\n\n<p><strong>Jorge Otero &#8211; Procedures and Standards Manager &amp; Captain<\/strong><\/p>\n\n\n\n<p>Since 2023, <strong>Vueling and ThinkIn3D<\/strong> <strong>have been collaborating<\/strong> to implement <strong>3D printing solutions<\/strong> that improve efficiency and functionality on board. Specifically, it was discovered that pilots lacked adequate storage space for their headsets. As a result, ThinkIn3D designed and <strong>3D-printed a custom, ergonomic headset<\/strong> holder that optimizes space and extends its lifespan.<\/p>\n<\/div>\n\n\n\n<div class=\"wp-block-column d-flex flex-column is-layout-flow wp-block-column-is-layout-flow\">\n<figure class=\"wp-block-embed is-type-video is-provider-youtube wp-block-embed-youtube wp-embed-aspect-16-9 wp-has-aspect-ratio\"><div class=\"wp-block-embed__wrapper\">\n<iframe loading=\"lazy\" title=\"Els empleats d\u2019Aig\u00fces de Matar\u00f3 proposen solucions d\u2019alt impacte gr\u00e0cies a la impressi\u00f3 3D\" width=\"640\" height=\"360\" src=\"https:\/\/www.youtube.com\/embed\/uhg51v1tnck?feature=oembed\" frameborder=\"0\" allow=\"accelerometer; autoplay; clipboard-write; encrypted-media; gyroscope; picture-in-picture; web-share\" referrerpolicy=\"strict-origin-when-cross-origin\" allowfullscreen><\/iframe>\n<\/div><\/figure>\n\n\n\n<h3 class=\"wp-block-heading has-text-align-left\">Aig\u00fces de Matar\u00f3<\/h3>\n\n\n\n<p><strong>Francesc Codony &#8211; Quality Management Officer<\/strong><\/p>\n\n\n\n<p><strong>Aig\u00fces de Matar\u00f3<\/strong> has embraced sustainable innovation through <strong>3D printing<\/strong>. ThinkIn3D first introduced the technology, and the team quickly recognized its <strong>potential for optimizing processes<\/strong> <strong>and reducing waste<\/strong>. From there, the collaboration has enabled the development of customized solutions that<strong> improve efficiency, extend equipment lifespan<\/strong>, and<strong> promote more responsible and eco-friendly management<\/strong>.<\/p>\n<\/div>\n<\/div>\n\n\t<\/div>\n\n<\/div>\n\n<\/div>\n\n<\/div>\n\n\n<div class=\"wp-bootstrap-blocks-container container-fluid mb-0 bg-gray-light\">\n\t\n<div class=\"wp-bootstrap-blocks-container container mb-0 block-programs-home\">\n\t\n<div class=\"wp-bootstrap-blocks-row row\">\n\t\n\n<div class=\"col-12 col-md-12 col-lg-12\">\n\t\t\t\n\n<div class=\"wp-block-columns is-layout-flex wp-container-core-columns-is-layout-9d6595d7 wp-block-columns-is-layout-flex\">\n<div class=\"wp-block-column d-flex flex-column is-layout-flow wp-block-column-is-layout-flow\">\n<figure class=\"wp-block-embed is-type-video is-provider-youtube wp-block-embed-youtube wp-embed-aspect-16-9 wp-has-aspect-ratio\"><div class=\"wp-block-embed__wrapper\">\n<iframe loading=\"lazy\" title=\"Testimoni de l\u2019acceleradora Thinkin3D\" width=\"640\" height=\"360\" src=\"https:\/\/www.youtube.com\/embed\/XQ5dc_OcxvM?feature=oembed\" frameborder=\"0\" allow=\"accelerometer; autoplay; clipboard-write; encrypted-media; gyroscope; picture-in-picture; web-share\" referrerpolicy=\"strict-origin-when-cross-origin\" allowfullscreen><\/iframe>\n<\/div><\/figure>\n\n\n\n<h3 class=\"wp-block-heading has-text-align-left\">Coresys Health<\/h3>\n\n\n\n<p><strong>Oriol S\u00e1nchez &#8211; Quality Manager<\/strong><\/p>\n\n\n\n<p>Coresys Health entrusted ThinkIn3D with their <strong>product development innovation<\/strong>. They created a <strong>functional prototype very quickly <\/strong>and received support in material selection, processes, and design, which streamlined development and ensured an efficient final product <strong>tailored to their needs<\/strong>.<\/p>\n<\/div>\n\n\n\n<div class=\"wp-block-column d-flex flex-column is-layout-flow wp-block-column-is-layout-flow\">\n<figure class=\"wp-block-embed is-type-video is-provider-youtube wp-block-embed-youtube wp-embed-aspect-16-9 wp-has-aspect-ratio\"><div class=\"wp-block-embed__wrapper\">\n<iframe loading=\"lazy\" title=\"Presentaci\u00f3 ThinkIn 3D Matar\u00f3 - Acceleradora de Fabricaci\u00f3 Additiva del TecnoCampus\" width=\"640\" height=\"360\" src=\"https:\/\/www.youtube.com\/embed\/1DhAr9G1rTw?list=PLVCTls8K7yVmr3EZSKGMx5ME-vr48oRDV\" frameborder=\"0\" allow=\"accelerometer; autoplay; clipboard-write; encrypted-media; gyroscope; picture-in-picture; web-share\" referrerpolicy=\"strict-origin-when-cross-origin\" allowfullscreen><\/iframe>\n<\/div><\/figure>\n\n\n\n<h3 class=\"wp-block-heading has-text-align-left\">Real benefits highlighted &#8211; ThinkIn3D<\/h3>\n\n\n\n<p><strong><strong><strong><strong>Multiple clients, one innovation<\/strong><\/strong><\/strong><\/strong><\/p>\n\n\n\n<p>Discover how ThinkIn3D applies 3D technology to <strong>improve efficiency<\/strong> and <strong>optimize processes<\/strong> in companies across diverse sectors. Each project is tailored to specific needs, while <strong>reducing time and costs<\/strong>. In short, we transform ideas into real and efficient solutions.<\/p>\n<\/div>\n<\/div>\n\n\t<\/div>\n\n<\/div>\n\n<\/div>\n\n<\/div>\n\n\n\n<div style=\"height:75px\" aria-hidden=\"true\" class=\"wp-block-spacer\"><\/div>\n\n\n\n<div class=\"wp-block-group\"><div class=\"wp-block-group__inner-container is-layout-constrained wp-block-group-is-layout-constrained\">\n<p class=\"has-text-align-center\"><strong>Do you want to turn your project into a success story? Contact us and we&#8217;ll advise you.<\/strong><\/p>\n\n\n\n<div style=\"height:20px\" aria-hidden=\"true\" class=\"wp-block-spacer\"><\/div>\n\n\n\n<div class=\"wp-block-buttons is-content-justification-center is-layout-flex wp-container-core-buttons-is-layout-16018d1d wp-block-buttons-is-layout-flex\">\n<div class=\"wp-block-button red\"><a class=\"wp-block-button__link has-text-align-center wp-element-button\" href=\"\/en\/?page_id=5241\">Free advice<\/a><\/div>\n<\/div>\n\n\n\n<div style=\"height:75px\" aria-hidden=\"true\" class=\"wp-block-spacer\"><\/div>\n<\/div><\/div>\n","protected":false},"excerpt":{"rendered":"<p>Do you want to turn your project into a success story? Contact us and we&#8217;ll advise you.<\/p>\n","protected":false},"author":10,"featured_media":0,"parent":0,"menu_order":0,"comment_status":"closed","ping_status":"closed","template":"","meta":{"_acf_changed":false,"_eb_attr":"","footnotes":""},"class_list":["post-16396","page","type-page","status-publish","hentry"],"acf":[],"yoast_head":"<!-- This site is optimized with the Yoast SEO plugin v27.2 - https:\/\/yoast.com\/product\/yoast-seo-wordpress\/ -->\n<title>Success Stories | Thinkin3D<\/title>\n<meta name=\"description\" content=\"Discover real success cases of 3D printing: innovative, sustainable and personalized solutions that generate results.\" \/>\n<meta name=\"robots\" content=\"index, follow, max-snippet:-1, max-image-preview:large, max-video-preview:-1\" \/>\n<link rel=\"canonical\" href=\"https:\/\/thinkin3d.cat\/en\/3d-printing-success-cases\/\" \/>\n<meta property=\"og:locale\" content=\"en_US\" \/>\n<meta property=\"og:type\" content=\"article\" \/>\n<meta property=\"og:title\" content=\"Success Stories | Thinkin3D\" \/>\n<meta property=\"og:description\" content=\"Discover real success cases of 3D printing: innovative, sustainable and personalized solutions that generate results.\" \/>\n<meta property=\"og:url\" content=\"https:\/\/thinkin3d.cat\/en\/3d-printing-success-cases\/\" \/>\n<meta property=\"og:site_name\" content=\"Thinkin3D\" \/>\n<meta property=\"article:modified_time\" content=\"2026-01-15T08:44:08+00:00\" \/>\n<meta name=\"twitter:card\" content=\"summary_large_image\" \/>\n<meta name=\"twitter:label1\" content=\"Est. reading time\" \/>\n\t<meta name=\"twitter:data1\" content=\"2 minutes\" \/>\n<script type=\"application\/ld+json\" class=\"yoast-schema-graph\">{\"@context\":\"https:\/\/schema.org\",\"@graph\":[{\"@type\":\"WebPage\",\"@id\":\"https:\/\/thinkin3d.cat\/en\/3d-printing-success-cases\/\",\"url\":\"https:\/\/thinkin3d.cat\/en\/3d-printing-success-cases\/\",\"name\":\"Success Stories | Thinkin3D\",\"isPartOf\":{\"@id\":\"https:\/\/thinkin3d.cat\/en\/#website\"},\"datePublished\":\"2025-11-27T11:29:36+00:00\",\"dateModified\":\"2026-01-15T08:44:08+00:00\",\"description\":\"Discover real success cases of 3D printing: innovative, sustainable and personalized solutions that generate results.\",\"breadcrumb\":{\"@id\":\"https:\/\/thinkin3d.cat\/en\/3d-printing-success-cases\/#breadcrumb\"},\"inLanguage\":\"en-US\",\"potentialAction\":[{\"@type\":\"ReadAction\",\"target\":[\"https:\/\/thinkin3d.cat\/en\/3d-printing-success-cases\/\"]}]},{\"@type\":\"BreadcrumbList\",\"@id\":\"https:\/\/thinkin3d.cat\/en\/3d-printing-success-cases\/#breadcrumb\",\"itemListElement\":[{\"@type\":\"ListItem\",\"position\":1,\"name\":\"Home\",\"item\":\"https:\/\/thinkin3d.cat\/en\/\"},{\"@type\":\"ListItem\",\"position\":2,\"name\":\"Success Stories\"}]},{\"@type\":\"WebSite\",\"@id\":\"https:\/\/thinkin3d.cat\/en\/#website\",\"url\":\"https:\/\/thinkin3d.cat\/en\/\",\"name\":\"ThinkIn3D\",\"description\":\"Benvinguts\/des al web de ThinkIn 3D, l&#039;acceleradora de fabricaci\u00f3 additiva del TecnoCampus, un projecte impulsat per l&#039;Ajuntament de Matar\u00f3 amb col\u00b7laboraci\u00f3 de la Uni\u00f3 Europea i la Fundaci\u00f3 INCYDE, membre de IAT.\",\"publisher\":{\"@id\":\"https:\/\/thinkin3d.cat\/en\/#organization\"},\"potentialAction\":[{\"@type\":\"SearchAction\",\"target\":{\"@type\":\"EntryPoint\",\"urlTemplate\":\"https:\/\/thinkin3d.cat\/en\/?s={search_term_string}\"},\"query-input\":{\"@type\":\"PropertyValueSpecification\",\"valueRequired\":true,\"valueName\":\"search_term_string\"}}],\"inLanguage\":\"en-US\"},{\"@type\":\"Organization\",\"@id\":\"https:\/\/thinkin3d.cat\/en\/#organization\",\"name\":\"ThinkIn3D\",\"url\":\"https:\/\/thinkin3d.cat\/en\/\",\"logo\":{\"@type\":\"ImageObject\",\"inLanguage\":\"en-US\",\"@id\":\"https:\/\/thinkin3d.cat\/en\/#\/schema\/logo\/image\/\",\"url\":\"https:\/\/thinkin3d.cat\/wp-content\/uploads\/2023\/03\/cropped-Favicon-Thinkin.png\",\"contentUrl\":\"https:\/\/thinkin3d.cat\/wp-content\/uploads\/2023\/03\/cropped-Favicon-Thinkin.png\",\"width\":512,\"height\":512,\"caption\":\"ThinkIn3D\"},\"image\":{\"@id\":\"https:\/\/thinkin3d.cat\/en\/#\/schema\/logo\/image\/\"}}]}<\/script>\n<!-- \/ Yoast SEO plugin. -->","yoast_head_json":{"title":"Success Stories | Thinkin3D","description":"Discover real success cases of 3D printing: innovative, sustainable and personalized solutions that generate results.","robots":{"index":"index","follow":"follow","max-snippet":"max-snippet:-1","max-image-preview":"max-image-preview:large","max-video-preview":"max-video-preview:-1"},"canonical":"https:\/\/thinkin3d.cat\/en\/3d-printing-success-cases\/","og_locale":"en_US","og_type":"article","og_title":"Success Stories | Thinkin3D","og_description":"Discover real success cases of 3D printing: innovative, sustainable and personalized solutions that generate results.","og_url":"https:\/\/thinkin3d.cat\/en\/3d-printing-success-cases\/","og_site_name":"Thinkin3D","article_modified_time":"2026-01-15T08:44:08+00:00","twitter_card":"summary_large_image","twitter_misc":{"Est. reading time":"2 minutes"},"schema":{"@context":"https:\/\/schema.org","@graph":[{"@type":"WebPage","@id":"https:\/\/thinkin3d.cat\/en\/3d-printing-success-cases\/","url":"https:\/\/thinkin3d.cat\/en\/3d-printing-success-cases\/","name":"Success Stories | Thinkin3D","isPartOf":{"@id":"https:\/\/thinkin3d.cat\/en\/#website"},"datePublished":"2025-11-27T11:29:36+00:00","dateModified":"2026-01-15T08:44:08+00:00","description":"Discover real success cases of 3D printing: innovative, sustainable and personalized solutions that generate results.","breadcrumb":{"@id":"https:\/\/thinkin3d.cat\/en\/3d-printing-success-cases\/#breadcrumb"},"inLanguage":"en-US","potentialAction":[{"@type":"ReadAction","target":["https:\/\/thinkin3d.cat\/en\/3d-printing-success-cases\/"]}]},{"@type":"BreadcrumbList","@id":"https:\/\/thinkin3d.cat\/en\/3d-printing-success-cases\/#breadcrumb","itemListElement":[{"@type":"ListItem","position":1,"name":"Home","item":"https:\/\/thinkin3d.cat\/en\/"},{"@type":"ListItem","position":2,"name":"Success Stories"}]},{"@type":"WebSite","@id":"https:\/\/thinkin3d.cat\/en\/#website","url":"https:\/\/thinkin3d.cat\/en\/","name":"ThinkIn3D","description":"Benvinguts\/des al web de ThinkIn 3D, l&#039;acceleradora de fabricaci\u00f3 additiva del TecnoCampus, un projecte impulsat per l&#039;Ajuntament de Matar\u00f3 amb col\u00b7laboraci\u00f3 de la Uni\u00f3 Europea i la Fundaci\u00f3 INCYDE, membre de IAT.","publisher":{"@id":"https:\/\/thinkin3d.cat\/en\/#organization"},"potentialAction":[{"@type":"SearchAction","target":{"@type":"EntryPoint","urlTemplate":"https:\/\/thinkin3d.cat\/en\/?s={search_term_string}"},"query-input":{"@type":"PropertyValueSpecification","valueRequired":true,"valueName":"search_term_string"}}],"inLanguage":"en-US"},{"@type":"Organization","@id":"https:\/\/thinkin3d.cat\/en\/#organization","name":"ThinkIn3D","url":"https:\/\/thinkin3d.cat\/en\/","logo":{"@type":"ImageObject","inLanguage":"en-US","@id":"https:\/\/thinkin3d.cat\/en\/#\/schema\/logo\/image\/","url":"https:\/\/thinkin3d.cat\/wp-content\/uploads\/2023\/03\/cropped-Favicon-Thinkin.png","contentUrl":"https:\/\/thinkin3d.cat\/wp-content\/uploads\/2023\/03\/cropped-Favicon-Thinkin.png","width":512,"height":512,"caption":"ThinkIn3D"},"image":{"@id":"https:\/\/thinkin3d.cat\/en\/#\/schema\/logo\/image\/"}}]}},"_links":{"self":[{"href":"https:\/\/thinkin3d.cat\/en\/wp-json\/wp\/v2\/pages\/16396","targetHints":{"allow":["GET"]}}],"collection":[{"href":"https:\/\/thinkin3d.cat\/en\/wp-json\/wp\/v2\/pages"}],"about":[{"href":"https:\/\/thinkin3d.cat\/en\/wp-json\/wp\/v2\/types\/page"}],"author":[{"embeddable":true,"href":"https:\/\/thinkin3d.cat\/en\/wp-json\/wp\/v2\/users\/10"}],"replies":[{"embeddable":true,"href":"https:\/\/thinkin3d.cat\/en\/wp-json\/wp\/v2\/comments?post=16396"}],"version-history":[{"count":5,"href":"https:\/\/thinkin3d.cat\/en\/wp-json\/wp\/v2\/pages\/16396\/revisions"}],"predecessor-version":[{"id":17978,"href":"https:\/\/thinkin3d.cat\/en\/wp-json\/wp\/v2\/pages\/16396\/revisions\/17978"}],"wp:attachment":[{"href":"https:\/\/thinkin3d.cat\/en\/wp-json\/wp\/v2\/media?parent=16396"}],"curies":[{"name":"wp","href":"https:\/\/api.w.org\/{rel}","templated":true}]}}